{"id":7577,"date":"2024-06-20T11:56:29","date_gmt":"2024-06-20T09:56:29","guid":{"rendered":"https:\/\/www.visitripatransone.it\/?page_id=7577"},"modified":"2026-03-30T12:08:54","modified_gmt":"2026-03-30T10:08:54","slug":"rch-casa-del-donatore","status":"publish","type":"page","link":"https:\/\/www.visitripatransone.it\/en\/rch\/rch-casa-del-donatore\/","title":{"rendered":"RCH &#8211; Casa del donatore"},"content":{"rendered":"<p><div class=\"fusion-fullwidth fullwidth-box fusion-builder-row-1 fusion-flex-container nonhundred-percent-fullwidth non-hundred-percent-height-scrolling\" style=\"--awb-border-radius-top-left:0px;--awb-border-radius-top-right:0px;--awb-border-radius-bottom-right:0px;--awb-border-radius-bottom-left:0px;--awb-flex-wrap:wrap;\" ><div class=\"fusion-builder-row fusion-row fusion-flex-align-items-flex-start fusion-flex-content-wrap\" style=\"max-width:1331.2px;margin-left: calc(-4% \/ 2 );margin-right: calc(-4% \/ 2 );\"><div class=\"fusion-layout-column fusion_builder_column fusion-builder-column-0 fusion_builder_column_1_1 1_1 fusion-flex-column\" style=\"--awb-bg-blend:overlay;--awb-bg-size:cover;--awb-width-large:100%;--awb-margin-top-large:0px;--awb-spacing-right-large:1.92%;--awb-margin-bottom-large:0px;--awb-spacing-left-large:1.92%;--awb-width-medium:100%;--awb-spacing-right-medium:1.92%;--awb-spacing-left-medium:1.92%;--awb-width-small:100%;--awb-spacing-right-small:1.92%;--awb-spacing-left-small:1.92%;\"><div class=\"fusion-column-wrapper fusion-flex-justify-content-flex-start fusion-content-layout-column\"><div class=\"fusion-text fusion-text-1\"><p><span style=\"background-color: rgba(0, 0, 0, 0);\">Questa attivit\u00e0, parte integrante dell\u2019Hub di Comunit\u00e0 che avr\u00e0 sede nell\u2019Ala Ovest del Palazzo del Podest\u00e0, \u00e8 dedicata al tema del dono ed \u00e8 realizzata grazie alla collaborazione tra Abilita Soc. Coop. Sociale e Associazione AVIS Comunale di Ripatransone. Lo spazio di co-working sar\u00e0 aperto, sicuro e inclusivo, con l\u2019obiettivo di favorire l\u2019incontro tra generazioni e mestieri, stimolando lo scambio di spazi, tempo e competenze secondo il modello della banca del tempo. Giovani lavoratori e lavoratrici potranno utilizzare gli spazi del co-working compensando l\u2019accesso con la donazione di un numero di ore, proporzionale alla permanenza, a favore di partner e associazioni locali.<\/span><\/p>\n<p>Accanto alla dimensione operativa, il progetto ha sviluppato attivit\u00e0 culturali e di sensibilizzazione, tra cui il <b>Festival del Dono<\/b> e iniziative rivolte alle scuole, contribuendo a diffondere una riflessione collettiva sul valore del dono nella societ\u00e0 contemporanea.<\/p>\n<p>L\u2019azione rafforza i legami sociali e promuove forme di mutualismo e collaborazione tra generazioni e comunit\u00e0.<\/p>\n<\/div><\/div><\/div><\/div><\/div><div class=\"fusion-fullwidth fullwidth-box fusion-builder-row-2 fusion-flex-container has-pattern-background has-mask-background nonhundred-percent-fullwidth non-hundred-percent-height-scrolling\" style=\"--awb-border-radius-top-left:0px;--awb-border-radius-top-right:0px;--awb-border-radius-bottom-right:0px;--awb-border-radius-bottom-left:0px;--awb-flex-wrap:wrap;\" ><div class=\"fusion-builder-row fusion-row fusion-flex-align-items-flex-start fusion-flex-content-wrap\" style=\"max-width:1331.2px;margin-left: calc(-4% \/ 2 );margin-right: calc(-4% \/ 2 );\"><div class=\"fusion-layout-column fusion_builder_column fusion-builder-column-1 fusion_builder_column_1_1 1_1 fusion-flex-column\" style=\"--awb-bg-size:cover;--awb-width-large:100%;--awb-margin-top-large:0px;--awb-spacing-right-large:1.92%;--awb-margin-bottom-large:0px;--awb-spacing-left-large:1.92%;--awb-width-medium:100%;--awb-order-medium:0;--awb-spacing-right-medium:1.92%;--awb-spacing-left-medium:1.92%;--awb-width-small:100%;--awb-order-small:0;--awb-spacing-right-small:1.92%;--awb-spacing-left-small:1.92%;\"><div class=\"fusion-column-wrapper fusion-column-has-shadow fusion-flex-justify-content-flex-start fusion-content-layout-column\"><div class=\"fusion-text fusion-text-2\"><p><strong>News<\/strong><\/p>\n<\/div><div class=\"fusion-blog-shortcode fusion-blog-shortcode-1 fusion-blog-archive fusion-blog-layout-timeline-wrapper fusion-blog-pagination\"><div class=\"fusion-posts-container fusion-posts-container-pagination fusion-blog-rollover\" data-pages=\"1\"><div class=\"fusion-timeline-icon\"><i class=\"awb-icon-bubbles\" style=\"color:#eae9e9;\" aria-hidden=\"true\"><\/i><\/div><div class=\"fusion-blog-layout-timeline fusion-clearfix\"><div class=\"fusion-timeline-line\" style=\"border-left:1px solid #eae9e9;border-right:1px solid #eae9e9;\"><\/div><h3 class=\"fusion-timeline-date\" style=\"background-color:#eae9e9;\">January 2026<\/h3><div class=\"fusion-collapse-month\"><article id=\"blog-1-post-8770\" style=\"border-color:#eae9e9;\" class=\"fusion-post-timeline fusion-clearfix fusion-left-column post-8770 post type-post status-publish format-standard has-post-thumbnail hentry category-rch-casa-del-donatore category-eventi category-rch\">\n<div class=\"fusion-post-wrapper\" style=\"background-color:rgba(255,255,255,1);\">\n\n\t\t\t<div class=\"fusion-flexslider flexslider fusion-flexslider-loading fusion-post-slideshow\" style=\"border-color:#eae9e9;\">\n\t\t<ul class=\"slides\">\n\t\t\t\n\t\t\t\t\t\t\t\t\t\t\t\t\t\t<li><div  class=\"fusion-image-wrapper\" aria-haspopup=\"true\">\n\t\t\t\t<img decoding=\"async\" width=\"2560\" height=\"1811\" src=\"https:\/\/www.visitripatransone.it\/wp-content\/uploads\/2026\/01\/Programma-1-scaled.png\" class=\"attachment-full size-full wp-post-image\" alt=\"\" srcset=\"https:\/\/www.visitripatransone.it\/wp-content\/uploads\/2026\/01\/Programma-1-200x141.png 200w, https:\/\/www.visitripatransone.it\/wp-content\/uploads\/2026\/01\/Programma-1-400x283.png 400w, https:\/\/www.visitripatransone.it\/wp-content\/uploads\/2026\/01\/Programma-1-600x424.png 600w, https:\/\/www.visitripatransone.it\/wp-content\/uploads\/2026\/01\/Programma-1-800x566.png 800w, https:\/\/www.visitripatransone.it\/wp-content\/uploads\/2026\/01\/Programma-1-1200x849.png 1200w, https:\/\/www.visitripatransone.it\/wp-content\/uploads\/2026\/01\/Programma-1-scaled.png 2560w\" sizes=\"(max-width: 1280px) 100vw, (max-width: 1024px) 100vw, 40vw\" \/><div class=\"fusion-rollover\">\n\t<div class=\"fusion-rollover-content\">\n\n\t\t\t\t\t\t\t\t\t\t\t\t\t\t<a class=\"fusion-rollover-link\" href=\"https:\/\/www.visitripatransone.it\/en\/2026\/01\/29\/festival-del-dono-a-cura-di-next-odv\/\">Festival del DONO a cura di NEXT ODV<\/a>\n\t\t\t\n\t\t\t\t\t\t\t\t\n\t\t\n\t\t\t\t\t\t\t\t\n\t\t\t\t\t\t\t\t\n\t\t\n\t\t\t\t\t\t<a class=\"fusion-link-wrapper\" href=\"https:\/\/www.visitripatransone.it\/en\/2026\/01\/29\/festival-del-dono-a-cura-di-next-odv\/\" aria-label=\"Festival del DONO a cura di NEXT ODV\"><\/a>\n\t<\/div>\n<\/div>\n<\/div>\n<\/li>\n\t\t\t\n\t\t\t\n\t\t\t\t\t\t\t\t\t\t\t\t\t\t\t\t\t\t\t\t\t\t\t\t\t\t\t\t\t\t\t\t\t\t\t\t\t\t\t\t\t\t\t\t\t\t\t\t\t\t\t\t\t\t\t\t\t\t\t\t\t\t\t\t\t\t\t\t<\/ul>\n\t<\/div>\n\t<div class=\"fusion-post-content-wrapper\" style=\"padding:30px 25px 20px 25px;\"><div class=\"fusion-post-content post-content\"><div class=\"fusion-timeline-circle\" style=\"background-color:#eae9e9;\"><\/div><div class=\"fusion-timeline-arrow\" style=\"color:#eae9e9;\"><\/div><h2 class=\"blog-shortcode-post-title entry-title\"><a href=\"https:\/\/www.visitripatransone.it\/en\/2026\/01\/29\/festival-del-dono-a-cura-di-next-odv\/\">Festival del DONO a cura di NEXT ODV<\/a><\/h2><p class=\"fusion-single-line-meta\"><span class=\"vcard\" style=\"display: none;\"><span class=\"fn\"><a href=\"https:\/\/www.visitripatransone.it\/en\/author\/meltingpro\/\" title=\"Posts by Ambra Di Bernardi\" rel=\"author\">Ambra Di Bernardi<\/a><\/span><\/span><span class=\"updated\" style=\"display:none;\">2026-02-27T13:53:03+01:00<\/span><span>January 29th, 2026<\/span><span class=\"fusion-inline-sep\">|<\/span><\/p><div class=\"fusion-content-sep sep-double sep-solid\"><\/div><div class=\"fusion-post-content-container\"><\/div><\/div><div class=\"fusion-meta-info\"><div class=\"fusion-alignleft\"><a class=\"fusion-read-more\" href=\"https:\/\/www.visitripatransone.it\/en\/2026\/01\/29\/festival-del-dono-a-cura-di-next-odv\/\" aria-label=\"More on Festival del DONO a cura di NEXT ODV\">Read More<\/a><\/div><\/div><\/div><div class=\"fusion-clearfix\"><\/div><\/div>\n<\/article>\n<\/div><\/div><\/div><\/div><\/div><\/div><\/div><\/div><\/p>","protected":false},"excerpt":{"rendered":"","protected":false},"author":9,"featured_media":0,"parent":7321,"menu_order":0,"comment_status":"closed","ping_status":"closed","template":"","meta":{"_monsterinsights_skip_tracking":false,"_monsterinsights_sitenote_active":false,"_monsterinsights_sitenote_note":"","_monsterinsights_sitenote_category":0,"footnotes":""},"class_list":["post-7577","page","type-page","status-publish","hentry"],"_links":{"self":[{"href":"https:\/\/www.visitripatransone.it\/en\/wp-json\/wp\/v2\/pages\/7577","targetHints":{"allow":["GET"]}}],"collection":[{"href":"https:\/\/www.visitripatransone.it\/en\/wp-json\/wp\/v2\/pages"}],"about":[{"href":"https:\/\/www.visitripatransone.it\/en\/wp-json\/wp\/v2\/types\/page"}],"author":[{"embeddable":true,"href":"https:\/\/www.visitripatransone.it\/en\/wp-json\/wp\/v2\/users\/9"}],"replies":[{"embeddable":true,"href":"https:\/\/www.visitripatransone.it\/en\/wp-json\/wp\/v2\/comments?post=7577"}],"version-history":[{"count":6,"href":"https:\/\/www.visitripatransone.it\/en\/wp-json\/wp\/v2\/pages\/7577\/revisions"}],"predecessor-version":[{"id":8887,"href":"https:\/\/www.visitripatransone.it\/en\/wp-json\/wp\/v2\/pages\/7577\/revisions\/8887"}],"up":[{"embeddable":true,"href":"https:\/\/www.visitripatransone.it\/en\/wp-json\/wp\/v2\/pages\/7321"}],"wp:attachment":[{"href":"https:\/\/www.visitripatransone.it\/en\/wp-json\/wp\/v2\/media?parent=7577"}],"curies":[{"name":"wp","href":"https:\/\/api.w.org\/{rel}","templated":true}]}}