{"id":7561,"date":"2024-06-20T11:57:03","date_gmt":"2024-06-20T09:57:03","guid":{"rendered":"https:\/\/www.visitripatransone.it\/?page_id=7561"},"modified":"2026-03-30T12:02:50","modified_gmt":"2026-03-30T10:02:50","slug":"rch-cavallo-di-fuoco-tradizione-e-innovazione","status":"publish","type":"page","link":"https:\/\/www.visitripatransone.it\/en\/rch\/rch-cavallo-di-fuoco-tradizione-e-innovazione\/","title":{"rendered":"RCH &#8211; Cavallo di fuoco: tradizione e innovazione"},"content":{"rendered":"<p><div class=\"fusion-fullwidth fullwidth-box fusion-builder-row-1 fusion-flex-container nonhundred-percent-fullwidth non-hundred-percent-height-scrolling\" style=\"--awb-border-radius-top-left:0px;--awb-border-radius-top-right:0px;--awb-border-radius-bottom-right:0px;--awb-border-radius-bottom-left:0px;--awb-flex-wrap:wrap;\" ><div class=\"fusion-builder-row fusion-row fusion-flex-align-items-flex-start fusion-flex-content-wrap\" style=\"max-width:1331.2px;margin-left: calc(-4% \/ 2 );margin-right: calc(-4% \/ 2 );\"><div class=\"fusion-layout-column fusion_builder_column fusion-builder-column-0 fusion_builder_column_1_1 1_1 fusion-flex-column\" style=\"--awb-bg-blend:overlay;--awb-bg-size:cover;--awb-width-large:100%;--awb-margin-top-large:0px;--awb-spacing-right-large:1.92%;--awb-margin-bottom-large:0px;--awb-spacing-left-large:1.92%;--awb-width-medium:100%;--awb-spacing-right-medium:1.92%;--awb-spacing-left-medium:1.92%;--awb-width-small:100%;--awb-spacing-right-small:1.92%;--awb-spacing-left-small:1.92%;\"><div class=\"fusion-column-wrapper fusion-flex-justify-content-flex-start fusion-content-layout-column\"><div class=\"fusion-text fusion-text-1\"><p><span style=\"background-color: rgba(0, 0, 0, 0);\">Il Cavallo di fuoco \u00e8 una rievocazione storica antica, che si tiene ogni anno a Ripatransone nel giorno dell&#8217;Ottava di Pasqua. Non \u00e8 solo un incredibile spettacolo pirotecnico, bens\u00ec uno degli eventi folkloristici di maggior richiamo per il borgo: attrae migliaia di spettatori e spettatrici tra ripani, abitanti dei comuni limitrofi e turisti. <\/span><\/p>\n<p><span style=\"background-color: rgba(0, 0, 0, 0);\">Data l\u2019importanza di questa rievocazione, il progetto ha contribuito alla sua valorizzazione attraverso la produzione di un corto animato, realizzato da un artista visivo con la collaborazione degli abitanti del borgo. Un prodotto che cattura l\u2019essenza di un evento estemporaneo, per lasciarne traccia visibile nel tempo.<\/span><\/p>\n<\/div><div class=\"fusion-text fusion-text-2\"><\/div><\/div><\/div><\/div><\/div><div class=\"fusion-fullwidth fullwidth-box fusion-builder-row-2 fusion-flex-container has-pattern-background has-mask-background nonhundred-percent-fullwidth non-hundred-percent-height-scrolling\" style=\"--awb-border-radius-top-left:0px;--awb-border-radius-top-right:0px;--awb-border-radius-bottom-right:0px;--awb-border-radius-bottom-left:0px;--awb-flex-wrap:wrap;\" ><div class=\"fusion-builder-row fusion-row fusion-flex-align-items-flex-start fusion-flex-content-wrap\" style=\"max-width:1331.2px;margin-left: calc(-4% \/ 2 );margin-right: calc(-4% \/ 2 );\"><div class=\"fusion-layout-column fusion_builder_column fusion-builder-column-1 fusion_builder_column_1_1 1_1 fusion-flex-column\" style=\"--awb-bg-size:cover;--awb-width-large:100%;--awb-margin-top-large:0px;--awb-spacing-right-large:1.92%;--awb-margin-bottom-large:0px;--awb-spacing-left-large:1.92%;--awb-width-medium:100%;--awb-order-medium:0;--awb-spacing-right-medium:1.92%;--awb-spacing-left-medium:1.92%;--awb-width-small:100%;--awb-order-small:0;--awb-spacing-right-small:1.92%;--awb-spacing-left-small:1.92%;\"><div class=\"fusion-column-wrapper fusion-column-has-shadow fusion-flex-justify-content-flex-start fusion-content-layout-column\"><div class=\"fusion-text fusion-text-3\"><p><strong style=\"color: var(--awb-text-color); font-family: var(--awb-text-font-family); font-size: var(--awb-font-size); font-style: var(--awb-text-font-style); letter-spacing: var(--awb-letter-spacing); text-align: var(--awb-content-alignment); text-transform: var(--awb-text-transform); background-color: var(--awb-bg-color-medium-hover);\"><br \/>\nNews<\/strong><\/p>\n<\/div><div class=\"fusion-blog-shortcode fusion-blog-shortcode-1 fusion-blog-archive fusion-blog-layout-timeline-wrapper fusion-blog-pagination\"><div class=\"fusion-posts-container fusion-posts-container-pagination fusion-blog-rollover\" data-pages=\"1\"><div class=\"fusion-timeline-icon\"><i class=\"awb-icon-bubbles\" style=\"color:#eae9e9;\" aria-hidden=\"true\"><\/i><\/div><div class=\"fusion-blog-layout-timeline fusion-clearfix\"><div class=\"fusion-timeline-line\" style=\"border-left:1px solid #eae9e9;border-right:1px solid #eae9e9;\"><\/div><h3 class=\"fusion-timeline-date\" style=\"background-color:#eae9e9;\">June 2025<\/h3><div class=\"fusion-collapse-month\"><article id=\"blog-1-post-8798\" style=\"border-color:#eae9e9;\" class=\"fusion-post-timeline fusion-clearfix fusion-left-column post-8798 post type-post status-publish format-standard has-post-thumbnail hentry category-eventi category-rch-cavallo-di-fuoco-tradizione-e-innovazione\">\n<div class=\"fusion-post-wrapper\" style=\"background-color:rgba(255,255,255,1);\">\n\n\t\t\t<div class=\"fusion-flexslider flexslider fusion-flexslider-loading fusion-post-slideshow\" style=\"border-color:#eae9e9;\">\n\t\t<ul class=\"slides\">\n\t\t\t\n\t\t\t\t\t\t\t\t\t\t\t\t\t\t<li><div  class=\"fusion-image-wrapper\" aria-haspopup=\"true\">\n\t\t\t\t<img decoding=\"async\" width=\"1212\" height=\"1212\" src=\"https:\/\/www.visitripatransone.it\/wp-content\/uploads\/2024\/06\/cavallo-di-fuoco.jpg\" class=\"attachment-full size-full wp-post-image\" alt=\"\" srcset=\"https:\/\/www.visitripatransone.it\/wp-content\/uploads\/2024\/06\/cavallo-di-fuoco-200x200.jpg 200w, https:\/\/www.visitripatransone.it\/wp-content\/uploads\/2024\/06\/cavallo-di-fuoco-400x400.jpg 400w, https:\/\/www.visitripatransone.it\/wp-content\/uploads\/2024\/06\/cavallo-di-fuoco-600x600.jpg 600w, https:\/\/www.visitripatransone.it\/wp-content\/uploads\/2024\/06\/cavallo-di-fuoco-800x800.jpg 800w, https:\/\/www.visitripatransone.it\/wp-content\/uploads\/2024\/06\/cavallo-di-fuoco-1200x1200.jpg 1200w, https:\/\/www.visitripatransone.it\/wp-content\/uploads\/2024\/06\/cavallo-di-fuoco.jpg 1212w\" sizes=\"(max-width: 1280px) 100vw, (max-width: 1024px) 100vw, 40vw\" \/><div class=\"fusion-rollover\">\n\t<div class=\"fusion-rollover-content\">\n\n\t\t\t\t\t\t\t\t\t\t\t\t\t\t<a class=\"fusion-rollover-link\" href=\"https:\/\/www.visitripatransone.it\/en\/2025\/06\/26\/tuttiquantiabbiamounfuoco\/\">TuttiQuantiAbbiamoUnFuoco<\/a>\n\t\t\t\n\t\t\t\t\t\t\t\t\n\t\t\n\t\t\t\t\t\t\t\t\n\t\t\t\t\t\t\t\t\n\t\t\n\t\t\t\t\t\t<a class=\"fusion-link-wrapper\" href=\"https:\/\/www.visitripatransone.it\/en\/2025\/06\/26\/tuttiquantiabbiamounfuoco\/\" aria-label=\"TuttiQuantiAbbiamoUnFuoco\"><\/a>\n\t<\/div>\n<\/div>\n<\/div>\n<\/li>\n\t\t\t\n\t\t\t\n\t\t\t\t\t\t\t\t\t\t\t\t\t\t\t\t\t\t\t\t\t\t\t\t\t\t\t\t\t\t\t\t\t\t\t\t\t\t\t\t\t\t\t\t\t\t\t\t\t\t\t\t\t\t\t\t\t\t\t\t\t\t\t\t\t\t\t\t<\/ul>\n\t<\/div>\n\t<div class=\"fusion-post-content-wrapper\" style=\"padding:30px 25px 20px 25px;\"><div class=\"fusion-post-content post-content\"><div class=\"fusion-timeline-circle\" style=\"background-color:#eae9e9;\"><\/div><div class=\"fusion-timeline-arrow\" style=\"color:#eae9e9;\"><\/div><h2 class=\"blog-shortcode-post-title entry-title\"><a href=\"https:\/\/www.visitripatransone.it\/en\/2025\/06\/26\/tuttiquantiabbiamounfuoco\/\">TuttiQuantiAbbiamoUnFuoco<\/a><\/h2><p class=\"fusion-single-line-meta\"><span class=\"vcard\" style=\"display: none;\"><span class=\"fn\"><a href=\"https:\/\/www.visitripatransone.it\/en\/author\/meltingpro\/\" title=\"Posts by Ambra Di Bernardi\" rel=\"author\">Ambra Di Bernardi<\/a><\/span><\/span><span class=\"updated\" style=\"display:none;\">2026-02-13T17:40:35+01:00<\/span><span>June 26th, 2025<\/span><span class=\"fusion-inline-sep\">|<\/span><\/p><div class=\"fusion-content-sep sep-double sep-solid\"><\/div><div class=\"fusion-post-content-container\"><\/div><\/div><div class=\"fusion-meta-info\"><div class=\"fusion-alignleft\"><a class=\"fusion-read-more\" href=\"https:\/\/www.visitripatransone.it\/en\/2025\/06\/26\/tuttiquantiabbiamounfuoco\/\" aria-label=\"More on TuttiQuantiAbbiamoUnFuoco\">Read More<\/a><\/div><\/div><\/div><div class=\"fusion-clearfix\"><\/div><\/div>\n<\/article>\n<\/div><h3 class=\"fusion-timeline-date\" style=\"background-color:#eae9e9;\">June 2024<\/h3><div class=\"fusion-collapse-month\"><article id=\"blog-1-post-7333\" style=\"border-color:#eae9e9;\" class=\"fusion-post-timeline fusion-clearfix fusion-right-column post-7333 post type-post status-publish format-standard has-post-thumbnail hentry category-eventi category-rch-cavallo-di-fuoco-tradizione-e-innovazione\">\n<div class=\"fusion-post-wrapper\" style=\"background-color:rgba(255,255,255,1);\">\n\n\t\t\t<div class=\"fusion-flexslider flexslider fusion-flexslider-loading fusion-post-slideshow\" style=\"border-color:#eae9e9;\">\n\t\t<ul class=\"slides\">\n\t\t\t\n\t\t\t\t\t\t\t\t\t\t\t\t\t\t<li><div  class=\"fusion-image-wrapper\" aria-haspopup=\"true\">\n\t\t\t\t<img decoding=\"async\" width=\"1212\" height=\"1212\" src=\"https:\/\/www.visitripatransone.it\/wp-content\/uploads\/2024\/06\/cavallo-di-fuoco.jpg\" class=\"attachment-full size-full wp-post-image\" alt=\"\" srcset=\"https:\/\/www.visitripatransone.it\/wp-content\/uploads\/2024\/06\/cavallo-di-fuoco-200x200.jpg 200w, https:\/\/www.visitripatransone.it\/wp-content\/uploads\/2024\/06\/cavallo-di-fuoco-400x400.jpg 400w, https:\/\/www.visitripatransone.it\/wp-content\/uploads\/2024\/06\/cavallo-di-fuoco-600x600.jpg 600w, https:\/\/www.visitripatransone.it\/wp-content\/uploads\/2024\/06\/cavallo-di-fuoco-800x800.jpg 800w, https:\/\/www.visitripatransone.it\/wp-content\/uploads\/2024\/06\/cavallo-di-fuoco-1200x1200.jpg 1200w, https:\/\/www.visitripatransone.it\/wp-content\/uploads\/2024\/06\/cavallo-di-fuoco.jpg 1212w\" sizes=\"(max-width: 1280px) 100vw, (max-width: 1024px) 100vw, 40vw\" \/><div class=\"fusion-rollover\">\n\t<div class=\"fusion-rollover-content\">\n\n\t\t\t\t\t\t\t\t\t\t\t\t\t\t<a class=\"fusion-rollover-link\" href=\"https:\/\/www.visitripatransone.it\/en\/2024\/06\/21\/raccolta-materiale-fotografico-per-la-prima-opera-darte-pubblica-a-ripatransone\/\">Tutti Quanti Abbiamo Un Fuoco<\/a>\n\t\t\t\n\t\t\t\t\t\t\t\t\n\t\t\n\t\t\t\t\t\t\t\t\n\t\t\t\t\t\t\t\t\n\t\t\n\t\t\t\t\t\t<a class=\"fusion-link-wrapper\" href=\"https:\/\/www.visitripatransone.it\/en\/2024\/06\/21\/raccolta-materiale-fotografico-per-la-prima-opera-darte-pubblica-a-ripatransone\/\" aria-label=\"Tutti Quanti Abbiamo Un Fuoco\"><\/a>\n\t<\/div>\n<\/div>\n<\/div>\n<\/li>\n\t\t\t\n\t\t\t\n\t\t\t\t\t\t\t\t\t\t\t\t\t\t\t\t\t\t\t\t\t\t\t\t\t\t\t\t\t\t\t\t\t\t\t\t\t\t\t\t\t\t\t\t\t\t\t\t\t\t\t\t\t\t\t\t\t\t\t\t\t\t\t\t\t\t\t\t<\/ul>\n\t<\/div>\n\t<div class=\"fusion-post-content-wrapper\" style=\"padding:30px 25px 20px 25px;\"><div class=\"fusion-post-content post-content\"><div class=\"fusion-timeline-circle\" style=\"background-color:#eae9e9;\"><\/div><div class=\"fusion-timeline-arrow\" style=\"color:#eae9e9;\"><\/div><h2 class=\"blog-shortcode-post-title entry-title\"><a href=\"https:\/\/www.visitripatransone.it\/en\/2024\/06\/21\/raccolta-materiale-fotografico-per-la-prima-opera-darte-pubblica-a-ripatransone\/\">Tutti Quanti Abbiamo Un Fuoco<\/a><\/h2><p class=\"fusion-single-line-meta\"><span class=\"vcard\" style=\"display: none;\"><span class=\"fn\"><a href=\"https:\/\/www.visitripatransone.it\/en\/author\/meltingpro\/\" title=\"Posts by Ambra Di Bernardi\" rel=\"author\">Ambra Di Bernardi<\/a><\/span><\/span><span class=\"updated\" style=\"display:none;\">2024-06-21T11:42:16+02:00<\/span><span>June 21st, 2024<\/span><span class=\"fusion-inline-sep\">|<\/span><\/p><div class=\"fusion-content-sep sep-double sep-solid\"><\/div><div class=\"fusion-post-content-container\"><\/div><\/div><div class=\"fusion-meta-info\"><div class=\"fusion-alignleft\"><a class=\"fusion-read-more\" href=\"https:\/\/www.visitripatransone.it\/en\/2024\/06\/21\/raccolta-materiale-fotografico-per-la-prima-opera-darte-pubblica-a-ripatransone\/\" aria-label=\"More on Tutti Quanti Abbiamo Un Fuoco\">Read More<\/a><\/div><\/div><\/div><div class=\"fusion-clearfix\"><\/div><\/div>\n<\/article>\n<\/div><\/div><\/div><\/div><\/div><\/div><\/div><\/div><\/p>","protected":false},"excerpt":{"rendered":"","protected":false},"author":9,"featured_media":0,"parent":7321,"menu_order":0,"comment_status":"closed","ping_status":"closed","template":"","meta":{"_monsterinsights_skip_tracking":false,"_monsterinsights_sitenote_active":false,"_monsterinsights_sitenote_note":"","_monsterinsights_sitenote_category":0,"footnotes":""},"class_list":["post-7561","page","type-page","status-publish","hentry"],"_links":{"self":[{"href":"https:\/\/www.visitripatransone.it\/en\/wp-json\/wp\/v2\/pages\/7561","targetHints":{"allow":["GET"]}}],"collection":[{"href":"https:\/\/www.visitripatransone.it\/en\/wp-json\/wp\/v2\/pages"}],"about":[{"href":"https:\/\/www.visitripatransone.it\/en\/wp-json\/wp\/v2\/types\/page"}],"author":[{"embeddable":true,"href":"https:\/\/www.visitripatransone.it\/en\/wp-json\/wp\/v2\/users\/9"}],"replies":[{"embeddable":true,"href":"https:\/\/www.visitripatransone.it\/en\/wp-json\/wp\/v2\/comments?post=7561"}],"version-history":[{"count":19,"href":"https:\/\/www.visitripatransone.it\/en\/wp-json\/wp\/v2\/pages\/7561\/revisions"}],"predecessor-version":[{"id":8883,"href":"https:\/\/www.visitripatransone.it\/en\/wp-json\/wp\/v2\/pages\/7561\/revisions\/8883"}],"up":[{"embeddable":true,"href":"https:\/\/www.visitripatransone.it\/en\/wp-json\/wp\/v2\/pages\/7321"}],"wp:attachment":[{"href":"https:\/\/www.visitripatransone.it\/en\/wp-json\/wp\/v2\/media?parent=7561"}],"curies":[{"name":"wp","href":"https:\/\/api.w.org\/{rel}","templated":true}]}}