{"id":7552,"date":"2024-06-20T12:00:27","date_gmt":"2024-06-20T10:00:27","guid":{"rendered":"https:\/\/www.visitripatransone.it\/?page_id=7552"},"modified":"2026-03-30T11:59:52","modified_gmt":"2026-03-30T09:59:52","slug":"rch-storytelling-digitale-per-nuove-narrazioni-del-territorio-e-del-patrimonio","status":"publish","type":"page","link":"https:\/\/www.visitripatransone.it\/en\/rch\/rch-storytelling-digitale-per-nuove-narrazioni-del-territorio-e-del-patrimonio\/","title":{"rendered":"RCH &#8211; Storytelling Digitale per nuove narrazioni del territorio e del patrimonio"},"content":{"rendered":"<p><div class=\"fusion-fullwidth fullwidth-box fusion-builder-row-1 fusion-flex-container nonhundred-percent-fullwidth non-hundred-percent-height-scrolling\" style=\"--awb-border-radius-top-left:0px;--awb-border-radius-top-right:0px;--awb-border-radius-bottom-right:0px;--awb-border-radius-bottom-left:0px;--awb-flex-wrap:wrap;\" ><div class=\"fusion-builder-row fusion-row fusion-flex-align-items-flex-start fusion-flex-content-wrap\" style=\"max-width:1331.2px;margin-left: calc(-4% \/ 2 );margin-right: calc(-4% \/ 2 );\"><div class=\"fusion-layout-column fusion_builder_column fusion-builder-column-0 fusion_builder_column_1_1 1_1 fusion-flex-column\" style=\"--awb-bg-blend:overlay;--awb-bg-size:cover;--awb-width-large:100%;--awb-margin-top-large:0px;--awb-spacing-right-large:1.92%;--awb-margin-bottom-large:0px;--awb-spacing-left-large:1.92%;--awb-width-medium:100%;--awb-spacing-right-medium:1.92%;--awb-spacing-left-medium:1.92%;--awb-width-small:100%;--awb-spacing-right-small:1.92%;--awb-spacing-left-small:1.92%;\"><div class=\"fusion-column-wrapper fusion-flex-justify-content-flex-start fusion-content-layout-column\"><div class=\"fusion-text fusion-text-1\"><p>L\u2019azione di storytelling digitale ha coinvolto la comunit\u00e0 educante di Ripatransone in un percorso partecipativo finalizzato alla costruzione di nuove narrazioni del territorio e del patrimonio, a partire dallo sguardo delle giovani generazioni.<\/p>\n<p>Attraverso laboratori condotti da Melting Pro Learning, le bambine e i bambini dell\u2019Istituto Comprensivo di Ripatransone hanno esplorato il patrimonio culturale e paesaggistico locale, rielaborandolo attraverso racconti, esperienze personali e momenti di confronto collettivo. Il percorso ha incluso anche attivit\u00e0 ispirate a metodologie partecipative, come il world caf\u00e9, adattate per valorizzare il punto di vista dei pi\u00f9 piccoli.<\/p>\n<p>L\u2019esperienza ha portato alla costruzione di quattro itinerari tematici, composti da luoghi significativi selezionati e narrati direttamente dai partecipanti. I contenuti prodotti \u2013 tra cui una serie di episodi audio \u2013 sono oggi accessibili lungo i percorsi urbani attraverso una rete di QR code, offrendo a cittadini e visitatori un modo nuovo di attraversare e conoscere il borgo.<\/p>\n<p>Particolare attenzione \u00e8 stata dedicata all\u2019accessibilit\u00e0 e all\u2019inclusione: i contenuti multimediali sono stati progettati per essere fruibili da pubblici diversi, contribuendo a rendere il patrimonio locale pi\u00f9 aperto, condiviso e interpretabile.<\/p>\n<p>L\u2019azione ha restituito un modello di narrazione territoriale partecipata, in cui il racconto diventa strumento di apprendimento, consapevolezza e costruzione di identit\u00e0, rafforzando il legame tra comunit\u00e0 e territorio.<\/p>\n<\/div><\/div><\/div><\/div><\/div><div class=\"fusion-fullwidth fullwidth-box fusion-builder-row-2 fusion-flex-container has-pattern-background has-mask-background nonhundred-percent-fullwidth non-hundred-percent-height-scrolling\" style=\"--awb-border-radius-top-left:0px;--awb-border-radius-top-right:0px;--awb-border-radius-bottom-right:0px;--awb-border-radius-bottom-left:0px;--awb-flex-wrap:wrap;\" ><div class=\"fusion-builder-row fusion-row fusion-flex-align-items-flex-start fusion-flex-content-wrap\" style=\"max-width:1331.2px;margin-left: calc(-4% \/ 2 );margin-right: calc(-4% \/ 2 );\"><div class=\"fusion-layout-column fusion_builder_column fusion-builder-column-1 fusion_builder_column_1_1 1_1 fusion-flex-column\" style=\"--awb-bg-size:cover;--awb-width-large:100%;--awb-margin-top-large:0px;--awb-spacing-right-large:1.92%;--awb-margin-bottom-large:0px;--awb-spacing-left-large:1.92%;--awb-width-medium:100%;--awb-order-medium:0;--awb-spacing-right-medium:1.92%;--awb-spacing-left-medium:1.92%;--awb-width-small:100%;--awb-order-small:0;--awb-spacing-right-small:1.92%;--awb-spacing-left-small:1.92%;\"><div class=\"fusion-column-wrapper fusion-column-has-shadow fusion-flex-justify-content-flex-start fusion-content-layout-column\"><div class=\"fusion-text fusion-text-2\"><p><strong>News<\/strong><\/p>\n<\/div><div class=\"fusion-blog-shortcode fusion-blog-shortcode-1 fusion-blog-archive fusion-blog-layout-timeline-wrapper fusion-blog-pagination\"><div class=\"fusion-posts-container fusion-posts-container-pagination fusion-blog-rollover\" data-pages=\"1\"><div class=\"fusion-timeline-icon\"><i class=\"awb-icon-bubbles\" style=\"color:#eae9e9;\" aria-hidden=\"true\"><\/i><\/div><div class=\"fusion-blog-layout-timeline fusion-clearfix\"><div class=\"fusion-timeline-line\" style=\"border-left:1px solid #eae9e9;border-right:1px solid #eae9e9;\"><\/div><h3 class=\"fusion-timeline-date\" style=\"background-color:#eae9e9;\">June 2025<\/h3><div class=\"fusion-collapse-month\"><article id=\"blog-1-post-8135\" style=\"border-color:#eae9e9;\" class=\"fusion-post-timeline fusion-clearfix fusion-left-column post-8135 post type-post status-publish format-standard has-post-thumbnail hentry category-eventi category-rch-storytelling-digitale-per-nuove-narrazioni-del-territorio-e-del-patrimonio\">\n<div class=\"fusion-post-wrapper\" style=\"background-color:rgba(255,255,255,1);\">\n\n\t\t\t<div class=\"fusion-flexslider flexslider fusion-flexslider-loading fusion-post-slideshow\" style=\"border-color:#eae9e9;\">\n\t\t<ul class=\"slides\">\n\t\t\t\n\t\t\t\t\t\t\t\t\t\t\t\t\t\t<li><div  class=\"fusion-image-wrapper\" aria-haspopup=\"true\">\n\t\t\t\t<img decoding=\"async\" width=\"2560\" height=\"1810\" src=\"https:\/\/www.visitripatransone.it\/wp-content\/uploads\/2025\/06\/Tavola-disegno-1-copia@4x.png\" class=\"attachment-full size-full wp-post-image\" alt=\"\" srcset=\"https:\/\/www.visitripatransone.it\/wp-content\/uploads\/2025\/06\/Tavola-disegno-1-copia@4x-200x141.png 200w, https:\/\/www.visitripatransone.it\/wp-content\/uploads\/2025\/06\/Tavola-disegno-1-copia@4x-400x283.png 400w, https:\/\/www.visitripatransone.it\/wp-content\/uploads\/2025\/06\/Tavola-disegno-1-copia@4x-600x424.png 600w, https:\/\/www.visitripatransone.it\/wp-content\/uploads\/2025\/06\/Tavola-disegno-1-copia@4x-800x566.png 800w, https:\/\/www.visitripatransone.it\/wp-content\/uploads\/2025\/06\/Tavola-disegno-1-copia@4x-1200x848.png 1200w, https:\/\/www.visitripatransone.it\/wp-content\/uploads\/2025\/06\/Tavola-disegno-1-copia@4x.png 2560w\" sizes=\"(max-width: 1280px) 100vw, (max-width: 1024px) 100vw, 40vw\" \/><div class=\"fusion-rollover\">\n\t<div class=\"fusion-rollover-content\">\n\n\t\t\t\t\t\t\t\t\t\t\t\t\t\t<a class=\"fusion-rollover-link\" href=\"https:\/\/www.visitripatransone.it\/en\/2025\/06\/16\/storytelling-territoriale-i-giovani-narratori-di-ripatransone\/\">Storytelling territoriale: i giovani narratori di Ripatransone<\/a>\n\t\t\t\n\t\t\t\t\t\t\t\t\n\t\t\n\t\t\t\t\t\t\t\t\n\t\t\t\t\t\t\t\t\n\t\t\n\t\t\t\t\t\t<a class=\"fusion-link-wrapper\" href=\"https:\/\/www.visitripatransone.it\/en\/2025\/06\/16\/storytelling-territoriale-i-giovani-narratori-di-ripatransone\/\" aria-label=\"Storytelling territoriale: i giovani narratori di Ripatransone\"><\/a>\n\t<\/div>\n<\/div>\n<\/div>\n<\/li>\n\t\t\t\n\t\t\t\n\t\t\t\t\t\t\t\t\t\t\t\t\t\t\t\t\t\t\t\t\t\t\t\t\t\t\t\t\t\t\t\t\t\t\t\t\t\t\t\t\t\t\t\t\t\t\t\t\t\t\t\t\t\t\t\t\t\t\t\t\t\t\t\t\t\t\t\t<\/ul>\n\t<\/div>\n\t<div class=\"fusion-post-content-wrapper\" style=\"padding:30px 25px 20px 25px;\"><div class=\"fusion-post-content post-content\"><div class=\"fusion-timeline-circle\" style=\"background-color:#eae9e9;\"><\/div><div class=\"fusion-timeline-arrow\" style=\"color:#eae9e9;\"><\/div><h2 class=\"blog-shortcode-post-title entry-title\"><a href=\"https:\/\/www.visitripatransone.it\/en\/2025\/06\/16\/storytelling-territoriale-i-giovani-narratori-di-ripatransone\/\">Storytelling territoriale: i giovani narratori di Ripatransone<\/a><\/h2><p class=\"fusion-single-line-meta\"><span class=\"vcard\" style=\"display: none;\"><span class=\"fn\"><a href=\"https:\/\/www.visitripatransone.it\/en\/author\/meltingpro\/\" title=\"Posts by Ambra Di Bernardi\" rel=\"author\">Ambra Di Bernardi<\/a><\/span><\/span><span class=\"updated\" style=\"display:none;\">2026-03-26T11:35:28+01:00<\/span><span>June 16th, 2025<\/span><span class=\"fusion-inline-sep\">|<\/span><\/p><div class=\"fusion-content-sep sep-double sep-solid\"><\/div><div class=\"fusion-post-content-container\"><\/div><\/div><div class=\"fusion-meta-info\"><div class=\"fusion-alignleft\"><a class=\"fusion-read-more\" href=\"https:\/\/www.visitripatransone.it\/en\/2025\/06\/16\/storytelling-territoriale-i-giovani-narratori-di-ripatransone\/\" aria-label=\"More on Storytelling territoriale: i giovani narratori di Ripatransone\">Read More<\/a><\/div><\/div><\/div><div class=\"fusion-clearfix\"><\/div><\/div>\n<\/article>\n<\/div><\/div><\/div><\/div><\/div><\/div><\/div><\/div><\/p>","protected":false},"excerpt":{"rendered":"","protected":false},"author":9,"featured_media":0,"parent":7321,"menu_order":0,"comment_status":"closed","ping_status":"closed","template":"","meta":{"_monsterinsights_skip_tracking":false,"_monsterinsights_sitenote_active":false,"_monsterinsights_sitenote_note":"","_monsterinsights_sitenote_category":0,"footnotes":""},"class_list":["post-7552","page","type-page","status-publish","hentry"],"_links":{"self":[{"href":"https:\/\/www.visitripatransone.it\/en\/wp-json\/wp\/v2\/pages\/7552","targetHints":{"allow":["GET"]}}],"collection":[{"href":"https:\/\/www.visitripatransone.it\/en\/wp-json\/wp\/v2\/pages"}],"about":[{"href":"https:\/\/www.visitripatransone.it\/en\/wp-json\/wp\/v2\/types\/page"}],"author":[{"embeddable":true,"href":"https:\/\/www.visitripatransone.it\/en\/wp-json\/wp\/v2\/users\/9"}],"replies":[{"embeddable":true,"href":"https:\/\/www.visitripatransone.it\/en\/wp-json\/wp\/v2\/comments?post=7552"}],"version-history":[{"count":14,"href":"https:\/\/www.visitripatransone.it\/en\/wp-json\/wp\/v2\/pages\/7552\/revisions"}],"predecessor-version":[{"id":8882,"href":"https:\/\/www.visitripatransone.it\/en\/wp-json\/wp\/v2\/pages\/7552\/revisions\/8882"}],"up":[{"embeddable":true,"href":"https:\/\/www.visitripatransone.it\/en\/wp-json\/wp\/v2\/pages\/7321"}],"wp:attachment":[{"href":"https:\/\/www.visitripatransone.it\/en\/wp-json\/wp\/v2\/media?parent=7552"}],"curies":[{"name":"wp","href":"https:\/\/api.w.org\/{rel}","templated":true}]}}