{"id":7452,"date":"2024-04-26T18:34:45","date_gmt":"2024-04-26T16:34:45","guid":{"rendered":"https:\/\/www.visitripatransone.it\/?page_id=7452"},"modified":"2024-04-26T19:00:05","modified_gmt":"2024-04-26T17:00:05","slug":"le-azioni","status":"publish","type":"page","link":"https:\/\/www.visitripatransone.it\/en\/rch\/le-azioni\/","title":{"rendered":"Le azioni di RIPATRANSONE COMMUNITY HUB"},"content":{"rendered":"<p><b>Recupero e restituzione agli abitanti di importanti spazi urbani<\/b><\/p>\n<p><span style=\"font-weight: 400;\">Un ex Mattatoio Comunale, l\u2019ala sud-ovest del Palazzo del Podest\u00e0 e Piazza Donna Bianca de\u2019 Tharolis. Tre luoghi nevralgici del borgo e una scommessa per l\u2019amministrazione: la loro riqualificazione e restituzione a organizzazioni del territorio, abitanti, visitatori e turisti, per il rilancio di uno dei centri storici pi\u00f9 interessanti del piceno mediante un approccio innovativo, sostenibile e inclusivo.<\/span><\/p>\n<p><span style=\"font-weight: 400;\">Dopo i lavori di recupero e ristrutturazione degli spazi e a partire dall\u2019ascolto dei bisogni e desideri degli abitanti, il Comune di Ripatransone favorir\u00e0 l\u2019attuazione di una strategia volta a rendere questi luoghi un vero e proprio hub di comunit\u00e0, nel quale le organizzazioni locali potranno trovare sede per promuovere attivit\u00e0 e servizi rivolti a chi vive o visita il borgo e gli abitanti potranno trovare presidi sociali stabili dai quali attingere nei momenti di difficolt\u00e0.<\/span><\/p>\n<p><span style=\"font-weight: 400;\">Questi spazi, al momento inutilizzati o depotenziati nell\u2019utilizzo, saranno recuperati mediante una visione che metter\u00e0 al centro le persone, con particolare riguardo a giovani e turisti, dando vita a nuove opportunit\u00e0 di crescita e sviluppo per l\u2019intero territorio e per le generazioni future.<\/span><\/p>\n<p><span style=\"font-weight: 400;\">Gli spazi rigenerati ospiteranno postazioni di co-working, aree per attivit\u00e0 teatrali, per la lettura, per residenze e rassegne musicali, per corsi e laboratori, per la progettazione pedagogica con la comunit\u00e0 educante.<\/span><\/p>\n<p><span style=\"font-weight: 400;\">Cuore pulsante del progetto, dunque, saranno questi importanti luoghi pubblici riqualificati mentre la sua anima sar\u00e0 rappresentata da tutti coloro che li vivacizzeranno, come attivatori e come fruitori, promuovendo nuove e innovative forme di protagonismo civico.<\/span><\/p>\n<p><b>Storytelling digitale per nuove narrazioni del territorio e del patrimonio\u00a0<\/b><\/p>\n<p><span style=\"font-weight: 400;\">Ogni territorio ha bisogno di essere raccontato per essere valorizzato. Quale migliore narrazione di quella che parte dagli abitanti pu\u00f2 rappresentarne l\u2019identit\u00e0 e l\u2019essenza pi\u00f9 autentica?\u00a0<\/span><\/p>\n<p><span style=\"font-weight: 400;\">Questa attivit\u00e0 coinvolger\u00e0 la comunit\u00e0 educante e i giovani di Ripatransone nella realizzazione di storie digitali finalizzate a raccontare lo spirito dei luoghi che pi\u00f9 caratterizzano la storia passata e presente del borgo.\u00a0<\/span><\/p>\n<p><span style=\"font-weight: 400;\">Partiremo dall\u2019esplorazione e dalla riscoperta del patrimonio culturale e paesaggistico locale, che le bambine e i bambini coinvolti racconteranno dal loro personale punto di vista, restituendo ai loro coetanei e alle comunit\u00e0 di abitanti e visitatori, itinerari turistico-culturali originali e coinvolgenti, fruibili anche sottoforma di podcast e tour virtuali. Un modo nuovo per rendere i giovani protagonisti del sistema di rilancio del borgo e per aumentare il loro senso di orgoglio e di appartenenza.<\/span><\/p>\n<p><b>Laboratorio teatrale di comunit\u00e0<\/b><\/p>\n<p><span style=\"font-weight: 400;\">Il teatro \u00e8 un\u2019espressione altissima della vita culturale di un popolo. Arricchisce l\u2019anima di chi lo pratica o lo fruisce, pu\u00f2 supportare il processo di consolidamento di una comunit\u00e0, pu\u00f2 diventare pratica di valorizzazione di culture e tradizioni, finanche strumento pedagogico.<\/span><\/p>\n<p><span style=\"font-weight: 400;\">Non \u00e8 per caso, dunque, che il progetto propone una rassegna di teatro amatoriale, una di teatro contemporaneo e un corso di teatro giovanile rivolto a ragazze e ragazzi, che dar\u00e0 vita a una produzione teatrale originale. Saranno poi realizzate attivit\u00e0 di valorizzazione del Dialetto Ripano attraverso una ricerca, una pubblicazione e una raccolta di ricette tipiche in dialetto, collezionate con il coinvolgimento delle persone del borgo e dei ristoratori locali attraverso un processo partecipativo.<\/span><\/p>\n<p><b>Cavallo di fuoco: tradizione e innovazione<\/b><\/p>\n<p><span style=\"font-weight: 400;\">Il Cavallo di fuoco \u00e8 una rievocazione storica antica, che si tiene ogni anno a Ripatransone nel giorno dell&#8217;Ottava di Pasqua. Non \u00e8 solo un incredibile spettacolo pirotecnico, bens\u00ec uno degli eventi folkloristici di maggior richiamo per il borgo: attrae migliaia di spettatori tra ripani, abitanti dei comuni limitrofi e turisti. Data l\u2019importanza di questa rievocazione, il progetto intende contribuire alla sua valorizzazione attraverso la produzione di un corto animato, che sar\u00e0 realizzato da un artista visivo con la collaborazione degli abitanti del borgo. Un prodotto che catturer\u00e0 l\u2019essenza di un evento estemporaneo, per lasciarne traccia visibile nel tempo.<\/span><\/p>\n<p><b>Il borgo dei suoni<\/b><\/p>\n<p><span style=\"font-weight: 400;\">La musica pervader\u00e0 le strade del borgo ma anche gli spazi rigenerati dal progetto. All\u2019interno dell\u2019ex Mattatoio comunale, prender\u00e0 vita un Museo della musica nel quale sar\u00e0 allestita un\u2019esposizione permanente degli strumenti musicali e dei cimeli appartenuti, nel tempo, ai vari musicisti della formazione bandistica ripana. Gli spazi dell\u2019ex mattatoio ospiteranno anche l\u2019archivio musicale della banda di Ripatransone, che grazie al progetto sar\u00e0 riorganizzato e catalogato affinch\u00e9 possa diventare fruibile dalla comunit\u00e0 musicale del territorio provinciale, regionale e nazionale.<\/span><\/p>\n<p><span style=\"font-weight: 400;\">Nel borgo, inoltre, saranno realizzate residenze musicali con l\u2019obiettivo di coinvolgere, direttamente e indirettamente, l\u2019intera comunit\u00e0 nell\u2019ascolto e nella partecipazione attiva.<\/span><\/p>\n<p><span style=\"font-weight: 400;\">Non mancheranno eventi concertistici che vedranno il coinvolgimento di altre bande sul territorio nazionale e corsi di alfabetizzazione musicale e perfezionamento strumentale, rivolti sia ai bandisti che ai potenziali nuovi componenti della formazione.<\/span><\/p>\n<p><b>Partecip-azione corale\u00a0<\/b><\/p>\n<p><span style=\"font-weight: 400;\">Questa attivit\u00e0 prevede la realizzazione di due edizioni della Rassegna Corale Internazionale finalizzate alla valorizzazione del repertorio concertistico locale, regionale, nazionale e internazionale di tipo folkloristico, classico e moderno. Il coro di Ripatransone sar\u00e0 inoltre ospitato in altre manifestazioni regionali, nazionali e internazionali per diffondere la cultura corale locale.<\/span><\/p>\n<p><span style=\"font-weight: 400;\">Saranno avviate, poi, attivit\u00e0 laboratoriali professionalizzanti e residenze rivolte a corsisti di ogni et\u00e0 e ai direttori di coro.<\/span><\/p>\n<p><span style=\"font-weight: 400;\">Saranno inoltre creati, presso i locali rigenerati dell\u2019Ex Mattatoio comunale, una sala prove, un\u2019emeroteca e una biblioteca specializzata nella musica corale, che metteranno a disposizione di abitanti e turisti un patrimonio di specialistico interessante per gli addetti ai lavori ma anche per gli amanti o i curiosi del genere.<\/span><\/p>\n<p><b>Form-Azione sulla rigenerazione urbana su base culturale e creativa per operatori locali<\/b><\/p>\n<p><span style=\"font-weight: 400;\">Giovani innovatori e innovatrici, abitanti e conoscitori del borgo saranno protagonisti del Territorial Living Lab (TTL): giorni intensi e immersivi di residenza, confronto, co-progettazione, analisi di casi studio virtuosi e scambio di buone pratiche.<\/span><\/p>\n<p><span style=\"font-weight: 400;\">L\u2019obiettivo \u00e8 quello di analizzare il contesto territoriale, individuare le principali sfide per il rilancio del borgo e per il benessere di chi lo vive o lo attraversa, e co-progettare possibili soluzioni da mettere in campo, preziosa eredit\u00e0 per amministratori, imprese, stakeholder locali e abitanti.\u00a0<\/span><\/p>\n<p><b>Imprenditorialit\u00e0 per la transizione green<\/b><\/p>\n<p><span style=\"font-weight: 400;\">Il pianeta ha sempre pi\u00f9 bisogno di noi e del nostro impegno! \u00c8 per questo che il progetto prevede un percorso laboratoriale intitolato \u201cCitt\u00e0 e comunit\u00e0 sostenibili: organizzazioni che misurano l\u2019impatto sociale e ambientale\u201d, finalizzato ad accompagnare le organizzazioni locali a scoprire insieme l\u2019importanza e l\u2019urgenza di procedere verso la transizione green. In parallelo, sar\u00e0 promosso un percorso di capacity building incentrato sulle competenze imprenditoriali, di leadership e di costruzione di relazioni intersettoriali che non perder\u00e0 di vista l\u2019impatto ambientale e sociale delle azioni che vengono messe in campo sui territori. Due importanti azioni di empowerment per il borgo, che potenzieranno e rafforzeranno le competenze interne alle organizzazioni presenti e attive sul territorio, migliorandone la capacit\u00e0 progettuale e di innovazione sociale.<\/span><\/p>\n<p><b>Casa del donatore\u00a0<\/b><\/p>\n<p><span style=\"font-weight: 400;\">Questa attivit\u00e0 \u00e8 incentrata sul tema del dono. Nell\u2019Ala Ovest del Palazzo del Podest\u00e0, si dar\u00e0 vita a uno spazio di co-working aperto, sicuro e inclusivo, con l\u2019obiettivo di favorire l\u2019incontro tra generazioni e mestieri per stimolare lo scambio di spazi, tempo e competenze, su modello della banca del tempo. Giovani lavoratori e lavoratrici potranno compensare l\u2019utilizzo che faranno degli spazi donando, ai partner e alle associazioni locali, un numero di ore proporzionale a quello di permanenza all\u2019interno del co-working.<\/span><\/p>\n<p><span style=\"font-weight: 400;\">Sar\u00e0 inoltre realizzato un prodotto grafico destinato alle scuole, per sensibilizzare le future generazioni sul tema del dono e sar\u00e0 organizzato un Festival del dono, caratterizzato da momenti di ascolto, confronto e scambio di idee e buone pratiche attraverso convegni, presentazioni di libri e momenti conviviali.<\/span><\/p>\n<p><b>Gamification per il patrimonio locale<\/b><\/p>\n<p><span style=\"font-weight: 400;\">Anche la transizione digitale \u00e8 un obiettivo fondamentale per la societ\u00e0 in cui viviamo ed \u00e8 per questo che, nell\u2019ambito del progetto, sar\u00e0 realizzato un prodotto multimediale che aiuter\u00e0, abitanti e turisti, a una fruizione digitale del patrimonio identitario, paesaggistico e culturale di Ripatransone agile e accessibile. In seguito a un processo di co-progettazione, a una ricerc-azione partecipata sul territorio e a un laboratorio diffuso di gamification, sar\u00e0 realizzato un gioco digitale per scoprire la storia, il patrimonio culturale, gli aneddoti, le tradizioni e le curiosit\u00e0 del borgo. Un modo nuovo e divertente per esplorare il belvedere d\u2019Italia!<\/span><\/p>\n<p><b>Itinerari e percorsi in Mountain Bike<\/b><\/p>\n<p><span style=\"font-weight: 400;\">Il benessere di una comunit\u00e0 passa anche dallo sport e dalla forma fisica di fasce trasversali della popolazione.<\/span> <span style=\"font-weight: 400;\">Per questo motivo, presso l\u2019Area territoriale degli Ex Lupidi, saranno creati tracciati dedicati alla pratica della Mountain Bike accessibili a tutti coloro che vorranno cimentarsi in questo appassionante sport. Sar\u00e0 inoltre creata un\u2019area fitness con spazi attrezzati per gli esercizi a corpo libero, nella quale si potr\u00e0 praticare sport all\u2019aria aperta, circondati dal bellissimo paesaggio del borgo.<\/span><\/p>\n<p><b>Plurals \u2013 Broaden Hrizon<\/b><\/p>\n<p><span style=\"font-weight: 400;\">Si chiamer\u00e0 Plurals e sar\u00e0 uno spazio interamente dedicato alle ragazze e ai ragazzi dai 13 ai 35 anni, realizzato all\u2019interno degli spazi rigenerati del Palazzo del Potest\u00e0. Arte, architettura e creativit\u00e0 valorizzeranno questo luogo rendendolo attrattivo per i giovani e rispondente ai loro bisogni. Nello spazio sar\u00e0 creato il Plurals Magazine Library, una Newspaper Library intesa come versione contemporanea e innovativa di un\u2019emeroteca. Plurals Stage sar\u00e0 invece un piccolo teatro all\u2019interno di Plurals, dedicato alla danza contemporanea, al teatro sociale e all\u2019incontro con personalit\u00e0 straordinarie, tra cui giornalisti di ambiti diversi che si confronteranno, con i ragazzi e le ragazze, per discutere di vari temi tra cui soft e life skills.<\/span><\/p>\n<p><b>Hub di comunit\u00e0 per la ricerca e l\u2019educazione<\/b><\/p>\n<p><span style=\"font-weight: 400;\">Pedagogia e Creativit\u00e0 per le nuove generazioni! L\u2019Ala Ovest del Palazzo del Podest\u00e0 ospiter\u00e0 l\u2019Hub di comunit\u00e0, aperto agli abitanti e agli specialisti di settore e coordinato dai community manager. Si chiamer\u00e0 \u201cHub di comunit\u00e0 per la ricerca e l\u2019educazione\u201d e operer\u00e0 in maniera integrata con la \u201cCasa del Donatore\u201d, presente nel palazzo. All\u2019interno dell\u2019hub saranno realizzati un tavolo di progettazione pedagogico e un tavolo ludico-ricreativo, entrambi composti da specialisti del settore, dalla comunit\u00e0 educante e dagli studenti. Il tavolo pedagogico tratter\u00e0 temi ritenuti prioritari dai fruitori stessi, e ne restituir\u00e0 gli esiti sia agli addetti ai lavori che alle famiglie mediante incontri, eventi, convegni e seminari. Il tavolo ludico-ricreativo si propone invece di creare eventi, incontri, festival di carattere culturale e\/o scientifico che favoriscano la socializzazione, l\u2019inclusione sociale e l\u2019apprendimento collettivo.<\/span><\/p>\n<p><b>Phygital: patrimonio tra spazio fisico e digitale<\/b><\/p>\n<p><span style=\"font-weight: 400;\">Valorizzare il patrimonio artistico-culturale del Comune di Ripatransone attraverso un processo di digitalizzazione del patrimonio materiale locale che renda l\u2019esperienza del visitatore accessibile e coinvolgente. Con questo obiettivo il progetto identificher\u00e0 i punti territoriali di maggiore attrazione da digitalizzare, per poi restituirli in realt\u00e0 aumentata. L\u2019utilizzo di tecnologie di restituzione digitale del patrimonio storico, artistico e culturale del borgo, ne garantiranno una fruizione multi-device attraverso computer, tablet e smartphone.<\/span><\/p>\n<p><span style=\"font-weight: 400;\">Il sistema verr\u00e0 integrato in un portale, indicizzato sui motori di ricerca, condivisibile sui pi\u00f9 importanti social network e utilizzabile anche per fini didattici. I risultati prodotti, messi a disposizione in open data, saranno caratterizzati da un\u2019alta scalabilit\u00e0 e potranno pertanto essere capitalizzati in altre azioni di rigenerazione urbana, in successive iniziative di gamification e nello sviluppo di altri contenuti culturali come opere di digital-art.<\/span><\/p>\n<p><b>Intervento di arte urbana<\/b><\/p>\n<p><span style=\"font-weight: 400;\">Arte e creativit\u00e0 sono dispositivi preziosi per valorizzare i territori, contribuire al loro rilancio turistico e consolidare le comunit\u00e0 abitanti. Ripatransone accoglie pertanto la sua prima opera d\u2019arte pubblica permanente: un\u2019opera murale realizzata dall\u2019artista Alex Urso, ispirata da un patrimonio di foto d\u2019epoca donate dagli abitanti, nel corso del progetto, per realizzare un archivio che ricostruisca la storia del borgo attraverso le immagini di famiglia. Un\u2019attivit\u00e0 artistica che si alimenta, dunque, di propedeutiche azioni di ricerca e partecipazione dal basso, volte alla ricostruzione dell\u2019identit\u00e0 territoriale e al consolidamento della comunit\u00e0 locale.<\/span><\/p>\n<p><b>Sostegno alla definizione di business model<\/b><\/p>\n<p><span style=\"font-weight: 400;\">Il progetto prevede la realizzazione di un business model finalizzato a identificare metodologie, modelli organizzativi e risorse utili a ottimizzare la gestione dei servizi e delle infrastrutture oggetto di intervento, nella prospettiva della loro sostenibilit\u00e0 futura. Si partir\u00e0 dall\u2019identificazione dei bisogni sociali del territorio attraverso l\u2019interlocuzione con gli stakeholder locali per co-progettare proposte e soluzioni, attuabili anche attraverso sinergie tra attori coinvolti nell&#8217;intervento di rigenerazione urbana, come le istituzioni pubbliche, le imprese e la societ\u00e0 civile, che potranno collaborare per raggiungere gli obiettivi comuni. Il business model permetter\u00e0, inoltre, di definire un modello economico sostenibile e di monitorare e valutare l&#8217;impatto sociale ed economico dell&#8217;intervento di rigenerazione urbana, consentendo di verificare la sua efficacia nel tempo e di apportare eventuali modifiche in corso d&#8217;opera.<\/span><\/p>","protected":false},"excerpt":{"rendered":"<p>Recupero e restituzione agli abitanti di importanti spazi urbani Un ex Mattatoio Comunale, l\u2019ala sud-ovest del Palazzo del Podest\u00e0 e Piazza Donna<\/p>","protected":false},"author":1,"featured_media":0,"parent":7321,"menu_order":0,"comment_status":"closed","ping_status":"closed","template":"","meta":{"_monsterinsights_skip_tracking":false,"_monsterinsights_sitenote_active":false,"_monsterinsights_sitenote_note":"","_monsterinsights_sitenote_category":0,"footnotes":""},"class_list":["post-7452","page","type-page","status-publish","hentry"],"_links":{"self":[{"href":"https:\/\/www.visitripatransone.it\/en\/wp-json\/wp\/v2\/pages\/7452","targetHints":{"allow":["GET"]}}],"collection":[{"href":"https:\/\/www.visitripatransone.it\/en\/wp-json\/wp\/v2\/pages"}],"about":[{"href":"https:\/\/www.visitripatransone.it\/en\/wp-json\/wp\/v2\/types\/page"}],"author":[{"embeddable":true,"href":"https:\/\/www.visitripatransone.it\/en\/wp-json\/wp\/v2\/users\/1"}],"replies":[{"embeddable":true,"href":"https:\/\/www.visitripatransone.it\/en\/wp-json\/wp\/v2\/comments?post=7452"}],"version-history":[{"count":4,"href":"https:\/\/www.visitripatransone.it\/en\/wp-json\/wp\/v2\/pages\/7452\/revisions"}],"predecessor-version":[{"id":7503,"href":"https:\/\/www.visitripatransone.it\/en\/wp-json\/wp\/v2\/pages\/7452\/revisions\/7503"}],"up":[{"embeddable":true,"href":"https:\/\/www.visitripatransone.it\/en\/wp-json\/wp\/v2\/pages\/7321"}],"wp:attachment":[{"href":"https:\/\/www.visitripatransone.it\/en\/wp-json\/wp\/v2\/media?parent=7452"}],"curies":[{"name":"wp","href":"https:\/\/api.w.org\/{rel}","templated":true}]}}