{"id":6815,"date":"2023-05-01T16:46:29","date_gmt":"2023-05-01T14:46:29","guid":{"rendered":"https:\/\/www.visitripatransone.it\/?page_id=6815"},"modified":"2023-05-14T09:43:34","modified_gmt":"2023-05-14T07:43:34","slug":"chiesa-santa-chiara-ex-seminario-vescovile","status":"publish","type":"page","link":"https:\/\/www.visitripatransone.it\/en\/chiesa-santa-chiara-ex-seminario-vescovile\/","title":{"rendered":"Chiesa di Santa Chiara &#8211; Ex Seminario Vescovile"},"content":{"rendered":"<p><div class=\"fusion-fullwidth fullwidth-box fusion-builder-row-1 fusion-flex-container has-pattern-background has-mask-background nonhundred-percent-fullwidth non-hundred-percent-height-scrolling\" style=\"--awb-border-radius-top-left:0px;--awb-border-radius-top-right:0px;--awb-border-radius-bottom-right:0px;--awb-border-radius-bottom-left:0px;--awb-padding-right:5%;--awb-padding-left:5%;--awb-flex-wrap:wrap;\" ><div class=\"fusion-builder-row fusion-row fusion-flex-align-items-flex-start fusion-flex-justify-content-space-around fusion-flex-content-wrap\" style=\"max-width:1331.2px;margin-left: calc(-4% \/ 2 );margin-right: calc(-4% \/ 2 );\"><div class=\"fusion-layout-column fusion_builder_column fusion-builder-column-0 fusion_builder_column_1_1 1_1 fusion-flex-column\" style=\"--awb-bg-size:cover;--awb-width-large:100%;--awb-margin-top-large:0px;--awb-spacing-right-large:2.88%;--awb-margin-bottom-large:0px;--awb-spacing-left-large:2.88%;--awb-width-medium:100%;--awb-order-medium:0;--awb-spacing-right-medium:2.88%;--awb-spacing-left-medium:2.88%;--awb-width-small:100%;--awb-order-small:0;--awb-spacing-right-small:2.88%;--awb-spacing-left-small:2.88%;\"><div class=\"fusion-column-wrapper fusion-column-has-shadow fusion-flex-justify-content-space-around fusion-content-layout-row fusion-content-nowrap\"><div class=\"fusion-text fusion-text-1\" style=\"--awb-content-alignment:center;\"><p style=\"text-align: left;\"><span style=\"font-weight: 400;\">La Chiesa di Santa Chiara fu fatta edificare dalle Monache Clarisse negli anni 1750-53 e fu consacrata nel 1754.<\/span><span style=\"font-weight: 400;\"><br \/>\n<\/span><span style=\"font-weight: 400;\">La facciata \u00e8 elegante e slanciata, come pure slanciato \u00e8 portale in arenaria; l\u2019interno ad una sola navata \u00e8 ricco di slancio e di grazia, con lesene adorne di bei capitelli corinzi; ancor pi\u00f9 belli e ben conservati gli stucchi e le nove grate dorate; l\u2019altare maggiore, il pi\u00f9 pregevole della citt\u00e0, \u00e8 originale in quanto ricoperto interamente di tessere marmoree irregolari e policrome; la pala d\u2019altare, la Madonna Immacolata (anni \u201960 del sec. XX), opera di Michelangelo Bedini, autore pure delle due tele degli altari laterali: San Giuseppe con Ges\u00f9 Bambino (a destra), Sacro Cuore di Ges\u00f9 (a sinistra); sulla cimasa dell\u2019altare maggiore \u00e8 lo stemma degli Ordini Francescani, ai lati, due angeli (sculture); un\u2019altra statua, San Francesco, \u00e8 collocata nella nicchia sovrastante; sull\u2019ultimo arco della volta si legge l\u2019epigrafe: \u201cD.O.M. In honorem S. Clarae\u201d. Le 14 stazioni della Via Crucis, medaglioni in maiolica ad imitazione dello stile dei Della Robbia, furono acquistate a Roma negli anni \u201960, periodo in cui la chiesa fu restaurata e donate dal vescovo Mons. Vincenzo Radicioni. Dal 1\u00b0 aprile 1999 \u00e8 la degna sede (anche se provvisoria) del Museo Vescovile di Arte Sacra di Ripatransone, uno degli otto Musei Sistini del Piceno, allestiti nell\u2019ambito della Diocesi di San Benedetto-Ripatransone-Montalto. Vi si possono ammirare: paramenti, reliquiari (a semibusto e ad ostensorio), oggetti liturgici d\u2019argento, soprattutto di epoca barocca; inoltre: due tele raffiguranti Santa Chiara, probabili opere dell\u2019ascolano Nicola Monti (173695), statuine di arte devozionale, tre esemplari di \u201cCartegloria\u201d, di cui uno in legno intagliato e dorato, \u00e8 forse il pi\u00f9 bello tra quelli conservati nelle chiese dell\u2019intera diocesi. A circondarla \u00e8 il complesso del Seminario Vescovile, costituito dagli edifici del corso Vittorio Emanuele II compresi tra i numeri civici 95 e 99, dalla Chiesa di Santa Chiara, dal lungo edificio prospiciente via Duchi d\u2019Atri, tutto in laterizi, realizzato su progetto di Giuseppe Rossetti (sec. XVIII).<\/span><\/p>\n<\/div><\/div><\/div><\/div><\/div><div class=\"fusion-fullwidth fullwidth-box fusion-builder-row-2 fusion-flex-container has-pattern-background has-mask-background nonhundred-percent-fullwidth non-hundred-percent-height-scrolling\" style=\"--awb-border-radius-top-left:0px;--awb-border-radius-top-right:0px;--awb-border-radius-bottom-right:0px;--awb-border-radius-bottom-left:0px;--awb-padding-top:0px;--awb-padding-right:5%;--awb-padding-bottom:3%;--awb-padding-left:5%;--awb-margin-top:0px;--awb-background-color:var(--awb-color2);--awb-flex-wrap:wrap;\" ><div class=\"fusion-builder-row fusion-row fusion-flex-align-items-flex-start fusion-flex-justify-content-space-around fusion-flex-content-wrap\" style=\"max-width:1331.2px;margin-left: calc(-4% \/ 2 );margin-right: calc(-4% \/ 2 );\"><div class=\"fusion-layout-column fusion_builder_column fusion-builder-column-1 fusion_builder_column_1_1 1_1 fusion-flex-column\" style=\"--awb-bg-size:cover;--awb-width-large:100%;--awb-margin-top-large:0px;--awb-spacing-right-large:0%;--awb-margin-bottom-large:0px;--awb-spacing-left-large:0%;--awb-width-medium:100%;--awb-order-medium:0;--awb-spacing-right-medium:1.92%;--awb-spacing-left-medium:1.92%;--awb-width-small:100%;--awb-order-small:0;--awb-spacing-right-small:1.92%;--awb-spacing-left-small:1.92%;\"><div class=\"fusion-column-wrapper fusion-column-has-shadow fusion-flex-justify-content-flex-start fusion-content-layout-column\"><div class=\"fusion-title title fusion-title-1 fusion-title-text fusion-title-size-one\" style=\"--awb-margin-top-small:0px;--awb-margin-right-small:0px;--awb-margin-bottom-small:20px;--awb-margin-left-small:0px;\"><div class=\"title-sep-container title-sep-container-left fusion-no-large-visibility fusion-no-medium-visibility fusion-no-small-visibility\"><div class=\"title-sep sep- sep-solid\" style=\"border-color:#e0dede;\"><\/div><\/div><span class=\"awb-title-spacer fusion-no-large-visibility fusion-no-medium-visibility fusion-no-small-visibility\"><\/span><h1 class=\"fusion-title-heading title-heading-left fusion-responsive-typography-calculated\" style=\"margin:0;--fontSize:46;line-height:var(--awb-typography1-line-height);\"><h6>Gallery<\/h6><\/h1><span class=\"awb-title-spacer\"><\/span><div class=\"title-sep-container title-sep-container-right\"><div class=\"title-sep sep- sep-solid\" style=\"border-color:#e0dede;\"><\/div><\/div><\/div><\/div><\/div><div class=\"fusion-layout-column fusion_builder_column fusion-builder-column-2 fusion_builder_column_1_1 1_1 fusion-flex-column fusion-flex-align-self-flex-start\" style=\"--awb-bg-size:cover;--awb-width-large:100%;--awb-margin-top-large:0px;--awb-spacing-right-large:0%;--awb-margin-bottom-large:0px;--awb-spacing-left-large:0%;--awb-width-medium:100%;--awb-order-medium:0;--awb-spacing-right-medium:1.92%;--awb-spacing-left-medium:1.92%;--awb-width-small:100%;--awb-order-small:0;--awb-spacing-right-small:1.92%;--awb-spacing-left-small:1.92%;\"><div class=\"fusion-column-wrapper fusion-column-has-shadow fusion-flex-justify-content-space-around fusion-content-layout-column\"><div class=\"awb-gallery-wrapper awb-gallery-wrapper-1 button-span-no\" style=\"--more-btn-alignment:center;\"><div style=\"margin:-6px;--awb-bordersize:0px;--awb-border-radius:10px;\" class=\"fusion-gallery fusion-gallery-container fusion-grid-3 fusion-columns-total-2 fusion-gallery-layout-masonry fusion-gallery-1\"><div class=\"fusion-grid-column fusion-gallery-column fusion-gallery-column-3 hover-type-zoomin fusion-grid-sizer awb-imageframe-style awb-imageframe-style-below awb-imageframe-style-1\"><\/div><div style=\"padding:6px;\" class=\"fusion-grid-column fusion-gallery-column fusion-gallery-column-3 hover-type-zoomin fusion-element-landscape fusion-element-portrait awb-imageframe-style awb-imageframe-style-below awb-imageframe-style-1\"><div class=\"fusion-gallery-image\"><a href=\"https:\/\/www.visitripatransone.it\/wp-content\/uploads\/2023\/05\/t-1-scaled.jpg\" rel=\"noreferrer\" data-rel=\"iLightbox[gallery_image_1]\" class=\"fusion-lightbox\" target=\"_self\"><div style=\"background-image:url(https:\/\/www.visitripatransone.it\/wp-content\/uploads\/2023\/05\/t-1-scaled.jpg);padding-top:calc((100% + 12px) * 0.8);background-position:;\" class=\"fusion-masonry-element-container\"><img decoding=\"async\" src=\"https:\/\/www.visitripatransone.it\/wp-content\/uploads\/2023\/05\/t-1-scaled.jpg\" width=\"2560\" height=\"1921\" alt=\"\" title=\"Chiesa di Santa Chiara\" aria-label=\"Chiesa di Santa Chiara\" class=\"img-responsive wp-image-7000\" srcset=\"https:\/\/www.visitripatransone.it\/wp-content\/uploads\/2023\/05\/t-1-200x150.jpg 200w, https:\/\/www.visitripatransone.it\/wp-content\/uploads\/2023\/05\/t-1-400x300.jpg 400w, https:\/\/www.visitripatransone.it\/wp-content\/uploads\/2023\/05\/t-1-600x450.jpg 600w, https:\/\/www.visitripatransone.it\/wp-content\/uploads\/2023\/05\/t-1-800x600.jpg 800w, https:\/\/www.visitripatransone.it\/wp-content\/uploads\/2023\/05\/t-1-1200x900.jpg 1200w, https:\/\/www.visitripatransone.it\/wp-content\/uploads\/2023\/05\/t-1-scaled.jpg 2560w\" sizes=\"(min-width: 2200px) 100vw, (min-width: 640px) 1280px, \" \/><\/div><\/a><\/div><div class=\"awb-imageframe-caption-container\"><div class=\"awb-imageframe-caption\"><h2 class=\"awb-imageframe-caption-title\">Chiesa di Santa Chiara<\/h2><p class=\"awb-imageframe-caption-text\">Interno<\/p><\/div><\/div><\/div><div style=\"padding:6px;\" class=\"fusion-grid-column fusion-gallery-column fusion-gallery-column-3 hover-type-zoomin fusion-element-landscape fusion-element-portrait awb-imageframe-style awb-imageframe-style-below awb-imageframe-style-1\"><div class=\"fusion-gallery-image\"><a href=\"https:\/\/www.visitripatransone.it\/wp-content\/uploads\/2023\/05\/t-2.jpg\" rel=\"noreferrer\" data-rel=\"iLightbox[gallery_image_1]\" class=\"fusion-lightbox\" target=\"_self\"><div style=\"background-image:url(https:\/\/www.visitripatransone.it\/wp-content\/uploads\/2023\/05\/t-2.jpg);padding-top:calc((100% + 12px) * 0.8);background-position:;\" class=\"fusion-masonry-element-container\"><img decoding=\"async\" src=\"https:\/\/www.visitripatransone.it\/wp-content\/uploads\/2023\/05\/t-2.jpg\" width=\"1662\" height=\"1247\" alt=\"\" title=\"Chiesa di Santa Chiara\" aria-label=\"Chiesa di Santa Chiara\" class=\"img-responsive wp-image-7001\" srcset=\"https:\/\/www.visitripatransone.it\/wp-content\/uploads\/2023\/05\/t-2-200x150.jpg 200w, https:\/\/www.visitripatransone.it\/wp-content\/uploads\/2023\/05\/t-2-400x300.jpg 400w, https:\/\/www.visitripatransone.it\/wp-content\/uploads\/2023\/05\/t-2-600x450.jpg 600w, https:\/\/www.visitripatransone.it\/wp-content\/uploads\/2023\/05\/t-2-800x600.jpg 800w, https:\/\/www.visitripatransone.it\/wp-content\/uploads\/2023\/05\/t-2-1200x900.jpg 1200w, https:\/\/www.visitripatransone.it\/wp-content\/uploads\/2023\/05\/t-2.jpg 1662w\" sizes=\"(min-width: 2200px) 100vw, (min-width: 640px) 1280px, \" \/><\/div><\/a><\/div><div class=\"awb-imageframe-caption-container\"><div class=\"awb-imageframe-caption\"><h2 class=\"awb-imageframe-caption-title\">Chiesa di Santa Chiara<\/h2><p class=\"awb-imageframe-caption-text\">Cantoria<\/p><\/div><\/div><\/div><\/div><\/div><\/div><\/div><\/div><\/div><\/p>\n","protected":false},"excerpt":{"rendered":"","protected":false},"author":1,"featured_media":0,"parent":0,"menu_order":0,"comment_status":"closed","ping_status":"closed","template":"100-width.php","meta":{"_monsterinsights_skip_tracking":false,"_monsterinsights_sitenote_active":false,"_monsterinsights_sitenote_note":"","_monsterinsights_sitenote_category":0,"footnotes":""},"class_list":["post-6815","page","type-page","status-publish","hentry"],"_links":{"self":[{"href":"https:\/\/www.visitripatransone.it\/en\/wp-json\/wp\/v2\/pages\/6815","targetHints":{"allow":["GET"]}}],"collection":[{"href":"https:\/\/www.visitripatransone.it\/en\/wp-json\/wp\/v2\/pages"}],"about":[{"href":"https:\/\/www.visitripatransone.it\/en\/wp-json\/wp\/v2\/types\/page"}],"author":[{"embeddable":true,"href":"https:\/\/www.visitripatransone.it\/en\/wp-json\/wp\/v2\/users\/1"}],"replies":[{"embeddable":true,"href":"https:\/\/www.visitripatransone.it\/en\/wp-json\/wp\/v2\/comments?post=6815"}],"version-history":[{"count":5,"href":"https:\/\/www.visitripatransone.it\/en\/wp-json\/wp\/v2\/pages\/6815\/revisions"}],"predecessor-version":[{"id":7002,"href":"https:\/\/www.visitripatransone.it\/en\/wp-json\/wp\/v2\/pages\/6815\/revisions\/7002"}],"wp:attachment":[{"href":"https:\/\/www.visitripatransone.it\/en\/wp-json\/wp\/v2\/media?parent=6815"}],"curies":[{"name":"wp","href":"https:\/\/api.w.org\/{rel}","templated":true}]}}