{"id":6809,"date":"2023-05-01T16:44:58","date_gmt":"2023-05-01T14:44:58","guid":{"rendered":"https:\/\/www.visitripatransone.it\/?page_id=6809"},"modified":"2023-05-14T09:18:03","modified_gmt":"2023-05-14T07:18:03","slug":"vicolo-piu-stretto-ditalia","status":"publish","type":"page","link":"https:\/\/www.visitripatransone.it\/en\/vicolo-piu-stretto-ditalia\/","title":{"rendered":"Vicolo pi\u00f9 stretto d&#8217;Italia"},"content":{"rendered":"<p><div class=\"fusion-fullwidth fullwidth-box fusion-builder-row-1 fusion-flex-container has-pattern-background has-mask-background nonhundred-percent-fullwidth non-hundred-percent-height-scrolling\" style=\"--awb-border-radius-top-left:0px;--awb-border-radius-top-right:0px;--awb-border-radius-bottom-right:0px;--awb-border-radius-bottom-left:0px;--awb-padding-right:5%;--awb-padding-left:5%;--awb-flex-wrap:wrap;\" ><div class=\"fusion-builder-row fusion-row fusion-flex-align-items-flex-start fusion-flex-justify-content-space-around fusion-flex-content-wrap\" style=\"max-width:1331.2px;margin-left: calc(-4% \/ 2 );margin-right: calc(-4% \/ 2 );\"><div class=\"fusion-layout-column fusion_builder_column fusion-builder-column-0 fusion_builder_column_1_1 1_1 fusion-flex-column\" style=\"--awb-bg-size:cover;--awb-width-large:100%;--awb-margin-top-large:0px;--awb-spacing-right-large:2.88%;--awb-margin-bottom-large:0px;--awb-spacing-left-large:2.88%;--awb-width-medium:100%;--awb-order-medium:0;--awb-spacing-right-medium:2.88%;--awb-spacing-left-medium:2.88%;--awb-width-small:100%;--awb-order-small:0;--awb-spacing-right-small:2.88%;--awb-spacing-left-small:2.88%;\"><div class=\"fusion-column-wrapper fusion-column-has-shadow fusion-flex-justify-content-space-around fusion-content-layout-row fusion-content-nowrap\"><div class=\"fusion-text fusion-text-1\" style=\"--awb-content-alignment:center;\"><p style=\"text-align: left;\"><span style=\"font-weight: 400;\">Nel contesto urbanistico del Quartiere di Roflano, fra le vie del centro storico di Ripatransone, possiamo trovare un esempio dei vari tesori che la Citt\u00e0 ci offre: il <\/span><b>Vicolo pi\u00f9 stretto d\u2019Italia<\/b><span style=\"font-weight: 400;\">. Ampio <\/span><b>43 cm<\/b><span style=\"font-weight: 400;\"> all\u2019ingresso, <\/span><b>38 cm<\/b><span style=\"font-weight: 400;\"> all\u2019altezza delle spalle, si restringe fino a <\/span><b>32 cm<\/b><span style=\"font-weight: 400;\">. Possiede tutti i requisiti per essere considerato \u201cvicolo\u201d: \u00e8 pavimentato, \u00e8 percorribile, collega due vie ed \u00e8 dotato di almeno una porta o di una finestra (presente in questo caso). Molte altre citt\u00e0 d\u2019Italia hanno cercato di competere con i numeri del Vicolo di Ripatransone ma senza successo, proprio in virt\u00f9 delle sue straordinarie caratteristiche. I Ripani dicono che questo sia \u201cil luogo dove i corpi si restringono e i desideri si avverano\u201d.<\/span><\/p>\n<\/div><\/div><\/div><\/div><\/div><div class=\"fusion-fullwidth fullwidth-box fusion-builder-row-2 fusion-flex-container has-pattern-background has-mask-background nonhundred-percent-fullwidth non-hundred-percent-height-scrolling\" style=\"--awb-border-radius-top-left:0px;--awb-border-radius-top-right:0px;--awb-border-radius-bottom-right:0px;--awb-border-radius-bottom-left:0px;--awb-padding-top:0px;--awb-padding-right:5%;--awb-padding-bottom:3%;--awb-padding-left:5%;--awb-margin-top:0px;--awb-background-color:var(--awb-color2);--awb-flex-wrap:wrap;\" ><div class=\"fusion-builder-row fusion-row fusion-flex-align-items-flex-start fusion-flex-justify-content-space-around fusion-flex-content-wrap\" style=\"max-width:1331.2px;margin-left: calc(-4% \/ 2 );margin-right: calc(-4% \/ 2 );\"><div class=\"fusion-layout-column fusion_builder_column fusion-builder-column-1 fusion_builder_column_1_1 1_1 fusion-flex-column\" style=\"--awb-bg-size:cover;--awb-width-large:100%;--awb-margin-top-large:0px;--awb-spacing-right-large:0%;--awb-margin-bottom-large:0px;--awb-spacing-left-large:0%;--awb-width-medium:100%;--awb-order-medium:0;--awb-spacing-right-medium:1.92%;--awb-spacing-left-medium:1.92%;--awb-width-small:100%;--awb-order-small:0;--awb-spacing-right-small:1.92%;--awb-spacing-left-small:1.92%;\"><div class=\"fusion-column-wrapper fusion-column-has-shadow fusion-flex-justify-content-flex-start fusion-content-layout-column\"><div class=\"fusion-title title fusion-title-1 fusion-title-text fusion-title-size-one\" style=\"--awb-margin-top-small:0px;--awb-margin-right-small:0px;--awb-margin-bottom-small:20px;--awb-margin-left-small:0px;\"><div class=\"title-sep-container title-sep-container-left fusion-no-large-visibility fusion-no-medium-visibility fusion-no-small-visibility\"><div class=\"title-sep sep- sep-solid\" style=\"border-color:#e0dede;\"><\/div><\/div><span class=\"awb-title-spacer fusion-no-large-visibility fusion-no-medium-visibility fusion-no-small-visibility\"><\/span><h1 class=\"fusion-title-heading title-heading-left fusion-responsive-typography-calculated\" style=\"margin:0;--fontSize:46;line-height:var(--awb-typography1-line-height);\"><h6>Gallery<\/h6><\/h1><span class=\"awb-title-spacer\"><\/span><div class=\"title-sep-container title-sep-container-right\"><div class=\"title-sep sep- sep-solid\" style=\"border-color:#e0dede;\"><\/div><\/div><\/div><\/div><\/div><div class=\"fusion-layout-column fusion_builder_column fusion-builder-column-2 fusion_builder_column_1_1 1_1 fusion-flex-column fusion-flex-align-self-flex-start\" style=\"--awb-bg-size:cover;--awb-width-large:100%;--awb-margin-top-large:0px;--awb-spacing-right-large:0%;--awb-margin-bottom-large:0px;--awb-spacing-left-large:0%;--awb-width-medium:100%;--awb-order-medium:0;--awb-spacing-right-medium:1.92%;--awb-spacing-left-medium:1.92%;--awb-width-small:100%;--awb-order-small:0;--awb-spacing-right-small:1.92%;--awb-spacing-left-small:1.92%;\"><div class=\"fusion-column-wrapper fusion-column-has-shadow fusion-flex-justify-content-space-around fusion-content-layout-column\"><div class=\"awb-gallery-wrapper awb-gallery-wrapper-1 button-span-no\" style=\"--more-btn-alignment:center;\"><div style=\"margin:-6px;--awb-bordersize:0px;--awb-border-radius:10px;\" class=\"fusion-gallery fusion-gallery-container fusion-grid-3 fusion-columns-total-2 fusion-gallery-layout-masonry fusion-gallery-1\"><div class=\"fusion-grid-column fusion-gallery-column fusion-gallery-column-3 hover-type-zoomin fusion-grid-sizer awb-imageframe-style awb-imageframe-style-below awb-imageframe-style-1\"><\/div><div style=\"padding:6px;\" class=\"fusion-grid-column fusion-gallery-column fusion-gallery-column-3 hover-type-zoomin fusion-element-grid awb-imageframe-style awb-imageframe-style-below awb-imageframe-style-1\"><div class=\"fusion-gallery-image\"><a href=\"https:\/\/www.visitripatransone.it\/wp-content\/uploads\/2023\/05\/DJI_0984.jpg\" rel=\"noreferrer\" data-rel=\"iLightbox[gallery_image_1]\" class=\"fusion-lightbox\" target=\"_self\"><div style=\"background-image:url(https:\/\/www.visitripatransone.it\/wp-content\/uploads\/2023\/05\/DJI_0984.jpg);padding-top:calc((100% + 12px) * 0.8 - 6px);background-position:;\" class=\"fusion-masonry-element-container\"><img decoding=\"async\" src=\"https:\/\/www.visitripatransone.it\/wp-content\/uploads\/2023\/05\/DJI_0984.jpg\" width=\"1024\" height=\"841\" alt=\"\" title=\"Vicolo pi\u00f9 stretto d&#8217;Italia\" aria-label=\"Vicolo pi\u00f9 stretto d&#8217;Italia\" class=\"img-responsive wp-image-6992\" srcset=\"https:\/\/www.visitripatransone.it\/wp-content\/uploads\/2023\/05\/DJI_0984-200x164.jpg 200w, https:\/\/www.visitripatransone.it\/wp-content\/uploads\/2023\/05\/DJI_0984-400x329.jpg 400w, https:\/\/www.visitripatransone.it\/wp-content\/uploads\/2023\/05\/DJI_0984-600x493.jpg 600w, https:\/\/www.visitripatransone.it\/wp-content\/uploads\/2023\/05\/DJI_0984-800x657.jpg 800w, https:\/\/www.visitripatransone.it\/wp-content\/uploads\/2023\/05\/DJI_0984.jpg 1024w\" sizes=\"(min-width: 2200px) 100vw, (min-width: 794px) 423px, (min-width: 717px) 634px, (min-width: 640px) 717px, \" \/><\/div><\/a><\/div><div class=\"awb-imageframe-caption-container\"><div class=\"awb-imageframe-caption\"><h2 class=\"awb-imageframe-caption-title\">Vicolo pi\u00f9 stretto d&#8217;Italia<\/h2><p class=\"awb-imageframe-caption-text\">Vista dall'alto<\/p><\/div><\/div><\/div><div style=\"padding:6px;\" class=\"fusion-grid-column fusion-gallery-column fusion-gallery-column-3 hover-type-zoomin fusion-element-portrait awb-imageframe-style awb-imageframe-style-below awb-imageframe-style-1\"><div class=\"fusion-gallery-image\"><a href=\"https:\/\/www.visitripatransone.it\/wp-content\/uploads\/2023\/05\/DSC_5451.jpg\" rel=\"noreferrer\" data-rel=\"iLightbox[gallery_image_1]\" class=\"fusion-lightbox\" target=\"_self\"><div style=\"background-image:url(https:\/\/www.visitripatransone.it\/wp-content\/uploads\/2023\/05\/DSC_5451.jpg);padding-top:calc((100% + 12px) * 1.6);background-position:;\" class=\"fusion-masonry-element-container\"><img decoding=\"async\" src=\"https:\/\/www.visitripatransone.it\/wp-content\/uploads\/2023\/05\/DSC_5451.jpg\" width=\"1024\" height=\"1534\" alt=\"\" title=\"Vicolo pi\u00f9 stretto d&#8217;Italia\" aria-label=\"Vicolo pi\u00f9 stretto d&#8217;Italia\" class=\"img-responsive wp-image-6993\" srcset=\"https:\/\/www.visitripatransone.it\/wp-content\/uploads\/2023\/05\/DSC_5451-200x300.jpg 200w, https:\/\/www.visitripatransone.it\/wp-content\/uploads\/2023\/05\/DSC_5451-400x599.jpg 400w, https:\/\/www.visitripatransone.it\/wp-content\/uploads\/2023\/05\/DSC_5451-600x899.jpg 600w, https:\/\/www.visitripatransone.it\/wp-content\/uploads\/2023\/05\/DSC_5451-800x1198.jpg 800w, https:\/\/www.visitripatransone.it\/wp-content\/uploads\/2023\/05\/DSC_5451.jpg 1024w\" sizes=\"(min-width: 2200px) 100vw, (min-width: 794px) 423px, (min-width: 717px) 634px, (min-width: 640px) 717px, \" \/><\/div><\/a><\/div><div class=\"awb-imageframe-caption-container\"><div class=\"awb-imageframe-caption\"><h2 class=\"awb-imageframe-caption-title\">Vicolo pi\u00f9 stretto d&#8217;Italia<\/h2><p class=\"awb-imageframe-caption-text\">Vista frontale<\/p><\/div><\/div><\/div><\/div><\/div><\/div><\/div><\/div><\/div><\/p>\n","protected":false},"excerpt":{"rendered":"","protected":false},"author":1,"featured_media":0,"parent":0,"menu_order":0,"comment_status":"closed","ping_status":"closed","template":"100-width.php","meta":{"_monsterinsights_skip_tracking":false,"_monsterinsights_sitenote_active":false,"_monsterinsights_sitenote_note":"","_monsterinsights_sitenote_category":0,"footnotes":""},"class_list":["post-6809","page","type-page","status-publish","hentry"],"_links":{"self":[{"href":"https:\/\/www.visitripatransone.it\/en\/wp-json\/wp\/v2\/pages\/6809","targetHints":{"allow":["GET"]}}],"collection":[{"href":"https:\/\/www.visitripatransone.it\/en\/wp-json\/wp\/v2\/pages"}],"about":[{"href":"https:\/\/www.visitripatransone.it\/en\/wp-json\/wp\/v2\/types\/page"}],"author":[{"embeddable":true,"href":"https:\/\/www.visitripatransone.it\/en\/wp-json\/wp\/v2\/users\/1"}],"replies":[{"embeddable":true,"href":"https:\/\/www.visitripatransone.it\/en\/wp-json\/wp\/v2\/comments?post=6809"}],"version-history":[{"count":4,"href":"https:\/\/www.visitripatransone.it\/en\/wp-json\/wp\/v2\/pages\/6809\/revisions"}],"predecessor-version":[{"id":6994,"href":"https:\/\/www.visitripatransone.it\/en\/wp-json\/wp\/v2\/pages\/6809\/revisions\/6994"}],"wp:attachment":[{"href":"https:\/\/www.visitripatransone.it\/en\/wp-json\/wp\/v2\/media?parent=6809"}],"curies":[{"name":"wp","href":"https:\/\/api.w.org\/{rel}","templated":true}]}}