{"id":6807,"date":"2023-05-01T16:43:53","date_gmt":"2023-05-01T14:43:53","guid":{"rendered":"https:\/\/www.visitripatransone.it\/?page_id=6807"},"modified":"2023-05-14T09:11:26","modified_gmt":"2023-05-14T07:11:26","slug":"iat-museo-archeologico","status":"publish","type":"page","link":"https:\/\/www.visitripatransone.it\/en\/iat-museo-archeologico\/","title":{"rendered":"IAT &#8211; Museo Civico Archeologico &#8220;Cesare Cellini&#8221;"},"content":{"rendered":"<p><div class=\"fusion-fullwidth fullwidth-box fusion-builder-row-1 fusion-flex-container has-pattern-background has-mask-background nonhundred-percent-fullwidth non-hundred-percent-height-scrolling\" style=\"--awb-border-radius-top-left:0px;--awb-border-radius-top-right:0px;--awb-border-radius-bottom-right:0px;--awb-border-radius-bottom-left:0px;--awb-padding-right:5%;--awb-padding-left:5%;--awb-flex-wrap:wrap;\" ><div class=\"fusion-builder-row fusion-row fusion-flex-align-items-flex-start fusion-flex-justify-content-space-around fusion-flex-content-wrap\" style=\"max-width:1331.2px;margin-left: calc(-4% \/ 2 );margin-right: calc(-4% \/ 2 );\"><div class=\"fusion-layout-column fusion_builder_column fusion-builder-column-0 fusion_builder_column_1_1 1_1 fusion-flex-column\" style=\"--awb-bg-size:cover;--awb-width-large:100%;--awb-margin-top-large:0px;--awb-spacing-right-large:2.88%;--awb-margin-bottom-large:0px;--awb-spacing-left-large:2.88%;--awb-width-medium:100%;--awb-order-medium:0;--awb-spacing-right-medium:2.88%;--awb-spacing-left-medium:2.88%;--awb-width-small:100%;--awb-order-small:0;--awb-spacing-right-small:2.88%;--awb-spacing-left-small:2.88%;\"><div class=\"fusion-column-wrapper fusion-column-has-shadow fusion-flex-justify-content-space-around fusion-content-layout-row fusion-content-nowrap\"><div class=\"fusion-text fusion-text-1\" style=\"--awb-content-alignment:center;\"><p style=\"text-align: left;\"><span style=\"font-weight: 400;\">Il Museo Civico Archeologico che porta il nome di chi nel 1877 lo fond\u00f2, cio\u00e8 Don Cesare Cellini, canonico della Cattedrale e Cavaliere della Corona\u00a0<\/span><span style=\"font-weight: 400;\">d\u2019Italia, \u00e8 uno dei pi\u00f9 ricchi, importanti e visitati musei della Regione Marche. \u00c8 rimasto chiuso dal 1977 al 1985, per dare ad esso una migliore sistemazione, basata su criteri cronologici, scientifici e didattici. Se ne fecero carico tre funzionari della Soprintendenza Archeologica delle Marche: la Dott.ssa Mara Silvestrini (preistoria, protostoria), la Dott.ssa Edvige Percossi (civilt\u00e0 picena), l\u2019Arch. Pierluigi Salvati (progettazione, corredo didattico-didascalico); la Dott.ssa Simonetta Piattelli cur\u00f2 il settore numismatico nella sezione romana. La cerimonia di riapertura si svolse alle ore 17 di domenica 5 maggio 1985, presenti i tre funzionari allestitori, autorit\u00e0 locali, esperti ed appassionati di archeologia, presidenti di alcune sedi marchigiane dell\u2019Archeoclub d\u2019Italia, tanti cittadini. Con il nuovo allestimento il Museo si \u00e8 trasformato (uno dei rari esempi nelle Marche) in un valido strumento didattico e scientifico, indispensabile per offrire al visitatore una chiara visione dei processi storici succedutisi nel territorio: per questo, ogni anno \u00e8 visitato da migliaia e migliaia di persone, comprese scolaresche, provenienti non solo dalle Marche ma anche dall\u2019Abruzzo, dal Lazio e dall\u2019estero. I reperti custoditi sono circa 4.000 comprese le monete: quelli esposti, ovviamente i pi\u00f9 significativi ed i meglio conservati, sono circa 500, sistemati in cinque sale ed in un corridoio, in 32 armadi, su supporti, su griglie: essi danno la possibilit\u00e0 al visitatore di ricostruire l\u2019evoluzione della frequentazione nel territorio di Ripatransone (dal quale proviene circa il 90 % del materiale), dalla preistoria alla civilt\u00e0 romana; materiali litici: paleolitico (vetrinetta n. 1), neolitico-eneolitico (n. 2); materiali dell\u2019et\u00e0 del bronzo (n. 3); i materiali dell\u2019et\u00e0 del ferro (vetrinette nn. 4-26) costituiscono il nucleo pi\u00f9 consistente, essendo reperti della civilt\u00e0 picena (secoli IX-IIl a.C.), databili per la maggior parte VI secolo a.C.; questa sezione \u00e8 stata allestita sia con criteri tipologici (oggetti ornamentali, vetrinette nn. 4-10; di uso militare:11-12, di uso domestico:13-16), sia con criteri topografici (indicazione delle contrade di rinvenimento, vetrinette 17-26). Tra i reperti della civilt\u00e0 picena si segnalano: le collane (vetrinetta n. 9), ali anelloni (oggetti tipici dei Piceni, vetrinetta n. 10), gli elmi (12), la tomba di donna (ricostruita), i poppatoi (20), i buccheroidi (materiale fittile di colore scuro, di imitazione etrusca).<\/span><span style=\"font-weight: 400;\"><br \/>\n<\/span><span style=\"font-weight: 400;\">La sezione della civilt\u00e0 romana (destinata ad ampliarsi) \u00e8 sistemata nell\u2019ultima sala e nel corridoio grande: fatta eccezione per alcune monete, i reperti sono databili I sec. a.C. \u2013 I sec. d.C.; si segnalano: il busto di Venere in marmo (vetrinetta n. 30), le lucerne (32), le urne cinerarie, frammento di affresco pompeiano, urna cineraria monumentale (I sec. d.C.) di Aulo Volumnio Platano liberto di Aulo (pezzo raro in Italia ed in Europa); interessante il lapidario per l\u2019assortimento dei reperti, fra cui frammenti di calendario e la lapide tombale con epigrafe di Buxurio truentino, di nome Tracalo, architetto.<\/span><span style=\"font-weight: 400;\"><br \/>\n<\/span><span style=\"font-weight: 400;\">Il locale del piano rialzato ospita dal 1998 la sezione medievale; tra i pezzi, un elegante fonte battesimale con bassorilievi, databile XXI secolo; un trittico in pietra (mutilo, stesso periodo), quattro eleganti fibule longobarde (sec. VI), lucerne in ferro ed in terracotta. Il locale adiacente custodisce dal 21 aprile 2001 la sezione moderna; fra le curiosit\u00e0, uno dei laterizi usati per richiudere la Porta Santa della basilica Vaticana di S. Pietro alla conclusione del Giubileo dell\u2019anno 1775.<\/span><\/p>\n<\/div><\/div><\/div><\/div><\/div><div class=\"fusion-fullwidth fullwidth-box fusion-builder-row-2 fusion-flex-container has-pattern-background has-mask-background nonhundred-percent-fullwidth non-hundred-percent-height-scrolling\" style=\"--awb-border-radius-top-left:0px;--awb-border-radius-top-right:0px;--awb-border-radius-bottom-right:0px;--awb-border-radius-bottom-left:0px;--awb-padding-top:0px;--awb-padding-right:5%;--awb-padding-bottom:3%;--awb-padding-left:5%;--awb-margin-top:0px;--awb-background-color:var(--awb-color2);--awb-flex-wrap:wrap;\" ><div class=\"fusion-builder-row fusion-row fusion-flex-align-items-flex-start fusion-flex-justify-content-space-around fusion-flex-content-wrap\" style=\"max-width:1331.2px;margin-left: calc(-4% \/ 2 );margin-right: calc(-4% \/ 2 );\"><div class=\"fusion-layout-column fusion_builder_column fusion-builder-column-1 fusion_builder_column_1_1 1_1 fusion-flex-column\" style=\"--awb-bg-size:cover;--awb-width-large:100%;--awb-margin-top-large:0px;--awb-spacing-right-large:0%;--awb-margin-bottom-large:0px;--awb-spacing-left-large:0%;--awb-width-medium:100%;--awb-order-medium:0;--awb-spacing-right-medium:1.92%;--awb-spacing-left-medium:1.92%;--awb-width-small:100%;--awb-order-small:0;--awb-spacing-right-small:1.92%;--awb-spacing-left-small:1.92%;\"><div class=\"fusion-column-wrapper fusion-column-has-shadow fusion-flex-justify-content-flex-start fusion-content-layout-column\"><div class=\"fusion-title title fusion-title-1 fusion-title-text fusion-title-size-one\" style=\"--awb-margin-top-small:0px;--awb-margin-right-small:0px;--awb-margin-bottom-small:20px;--awb-margin-left-small:0px;\"><div class=\"title-sep-container title-sep-container-left fusion-no-large-visibility fusion-no-medium-visibility fusion-no-small-visibility\"><div class=\"title-sep sep- sep-solid\" style=\"border-color:#e0dede;\"><\/div><\/div><span class=\"awb-title-spacer fusion-no-large-visibility fusion-no-medium-visibility fusion-no-small-visibility\"><\/span><h1 class=\"fusion-title-heading title-heading-left fusion-responsive-typography-calculated\" style=\"margin:0;--fontSize:46;line-height:var(--awb-typography1-line-height);\"><h6>Gallery<\/h6><\/h1><span class=\"awb-title-spacer\"><\/span><div class=\"title-sep-container title-sep-container-right\"><div class=\"title-sep sep- sep-solid\" style=\"border-color:#e0dede;\"><\/div><\/div><\/div><\/div><\/div><div class=\"fusion-layout-column fusion_builder_column fusion-builder-column-2 fusion_builder_column_1_1 1_1 fusion-flex-column fusion-flex-align-self-flex-start\" style=\"--awb-bg-size:cover;--awb-width-large:100%;--awb-margin-top-large:0px;--awb-spacing-right-large:0%;--awb-margin-bottom-large:0px;--awb-spacing-left-large:0%;--awb-width-medium:100%;--awb-order-medium:0;--awb-spacing-right-medium:1.92%;--awb-spacing-left-medium:1.92%;--awb-width-small:100%;--awb-order-small:0;--awb-spacing-right-small:1.92%;--awb-spacing-left-small:1.92%;\"><div class=\"fusion-column-wrapper fusion-column-has-shadow fusion-flex-justify-content-space-around fusion-content-layout-column\"><div class=\"awb-gallery-wrapper awb-gallery-wrapper-1 button-span-no\" style=\"--more-btn-alignment:center;\"><div style=\"margin:-6px;--awb-bordersize:0px;--awb-border-radius:10px;\" class=\"fusion-gallery fusion-gallery-container fusion-grid-3 fusion-columns-total-3 fusion-gallery-layout-masonry fusion-gallery-1\"><div class=\"fusion-grid-column fusion-gallery-column fusion-gallery-column-3 hover-type-zoomin fusion-grid-sizer awb-imageframe-style awb-imageframe-style-below awb-imageframe-style-1\"><\/div><div style=\"padding:6px;\" class=\"fusion-grid-column fusion-gallery-column fusion-gallery-column-3 hover-type-zoomin fusion-element-grid awb-imageframe-style awb-imageframe-style-below awb-imageframe-style-1\"><div class=\"fusion-gallery-image\"><a href=\"https:\/\/www.visitripatransone.it\/wp-content\/uploads\/2023\/05\/ripatransone-1-1.jpg\" rel=\"noreferrer\" data-rel=\"iLightbox[gallery_image_1]\" class=\"fusion-lightbox\" target=\"_self\"><div style=\"background-image:url(https:\/\/www.visitripatransone.it\/wp-content\/uploads\/2023\/05\/ripatransone-1-1.jpg);padding-top:calc((100% + 12px) * 0.8 - 6px);background-position:;\" class=\"fusion-masonry-element-container\"><img decoding=\"async\" src=\"https:\/\/www.visitripatransone.it\/wp-content\/uploads\/2023\/05\/ripatransone-1-1.jpg\" width=\"1024\" height=\"1024\" alt=\"\" title=\"Museo Archeologico\" aria-label=\"Museo Archeologico\" class=\"img-responsive wp-image-6988\" srcset=\"https:\/\/www.visitripatransone.it\/wp-content\/uploads\/2023\/05\/ripatransone-1-1-200x200.jpg 200w, https:\/\/www.visitripatransone.it\/wp-content\/uploads\/2023\/05\/ripatransone-1-1-400x400.jpg 400w, https:\/\/www.visitripatransone.it\/wp-content\/uploads\/2023\/05\/ripatransone-1-1-600x600.jpg 600w, https:\/\/www.visitripatransone.it\/wp-content\/uploads\/2023\/05\/ripatransone-1-1-800x800.jpg 800w, https:\/\/www.visitripatransone.it\/wp-content\/uploads\/2023\/05\/ripatransone-1-1.jpg 1024w\" sizes=\"(min-width: 2200px) 100vw, (min-width: 794px) 423px, (min-width: 717px) 634px, (min-width: 640px) 717px, \" \/><\/div><\/a><\/div><div class=\"awb-imageframe-caption-container\"><div class=\"awb-imageframe-caption\"><h2 class=\"awb-imageframe-caption-title\">Museo Archeologico<\/h2><p class=\"awb-imageframe-caption-text\">Elmo di tipo Corinzio<\/p><\/div><\/div><\/div><div style=\"padding:6px;\" class=\"fusion-grid-column fusion-gallery-column fusion-gallery-column-3 hover-type-zoomin fusion-element-portrait awb-imageframe-style awb-imageframe-style-below awb-imageframe-style-1\"><div class=\"fusion-gallery-image\"><a href=\"https:\/\/www.visitripatransone.it\/wp-content\/uploads\/2023\/05\/ripatransone-29.jpg\" rel=\"noreferrer\" data-rel=\"iLightbox[gallery_image_1]\" class=\"fusion-lightbox\" target=\"_self\"><div style=\"background-image:url(https:\/\/www.visitripatransone.it\/wp-content\/uploads\/2023\/05\/ripatransone-29.jpg);padding-top:calc((100% + 12px) * 1.6);background-position:;\" class=\"fusion-masonry-element-container\"><img decoding=\"async\" src=\"https:\/\/www.visitripatransone.it\/wp-content\/uploads\/2023\/05\/ripatransone-29.jpg\" width=\"1024\" height=\"1535\" alt=\"\" title=\"Museo Archeologico\" aria-label=\"Museo Archeologico\" class=\"img-responsive wp-image-6989\" srcset=\"https:\/\/www.visitripatransone.it\/wp-content\/uploads\/2023\/05\/ripatransone-29-200x300.jpg 200w, https:\/\/www.visitripatransone.it\/wp-content\/uploads\/2023\/05\/ripatransone-29-400x600.jpg 400w, https:\/\/www.visitripatransone.it\/wp-content\/uploads\/2023\/05\/ripatransone-29-600x899.jpg 600w, https:\/\/www.visitripatransone.it\/wp-content\/uploads\/2023\/05\/ripatransone-29-800x1199.jpg 800w, https:\/\/www.visitripatransone.it\/wp-content\/uploads\/2023\/05\/ripatransone-29.jpg 1024w\" sizes=\"(min-width: 2200px) 100vw, (min-width: 794px) 423px, (min-width: 717px) 634px, (min-width: 640px) 717px, \" \/><\/div><\/a><\/div><div class=\"awb-imageframe-caption-container\"><div class=\"awb-imageframe-caption\"><h2 class=\"awb-imageframe-caption-title\">Museo Archeologico<\/h2><p class=\"awb-imageframe-caption-text\">Busto di Venere in marmo (sec. II d.C)<\/p><\/div><\/div><\/div><div style=\"padding:6px;\" class=\"fusion-grid-column fusion-gallery-column fusion-gallery-column-3 hover-type-zoomin fusion-element-grid awb-imageframe-style awb-imageframe-style-below awb-imageframe-style-1\"><div class=\"fusion-gallery-image\"><a href=\"https:\/\/www.visitripatransone.it\/wp-content\/uploads\/2023\/05\/ripatransone-33.jpg\" rel=\"noreferrer\" data-rel=\"iLightbox[gallery_image_1]\" class=\"fusion-lightbox\" target=\"_self\"><div style=\"background-image:url(https:\/\/www.visitripatransone.it\/wp-content\/uploads\/2023\/05\/ripatransone-33.jpg);padding-top:calc((100% + 12px) * 0.8 - 6px);background-position:;\" class=\"fusion-masonry-element-container\"><img decoding=\"async\" src=\"https:\/\/www.visitripatransone.it\/wp-content\/uploads\/2023\/05\/ripatransone-33.jpg\" width=\"1024\" height=\"683\" alt=\"\" title=\"Museo Archeologico\" aria-label=\"Museo Archeologico\" class=\"img-responsive wp-image-6990\" srcset=\"https:\/\/www.visitripatransone.it\/wp-content\/uploads\/2023\/05\/ripatransone-33-200x133.jpg 200w, https:\/\/www.visitripatransone.it\/wp-content\/uploads\/2023\/05\/ripatransone-33-400x267.jpg 400w, https:\/\/www.visitripatransone.it\/wp-content\/uploads\/2023\/05\/ripatransone-33-600x400.jpg 600w, https:\/\/www.visitripatransone.it\/wp-content\/uploads\/2023\/05\/ripatransone-33-800x534.jpg 800w, https:\/\/www.visitripatransone.it\/wp-content\/uploads\/2023\/05\/ripatransone-33.jpg 1024w\" sizes=\"(min-width: 2200px) 100vw, (min-width: 794px) 423px, (min-width: 717px) 634px, (min-width: 640px) 717px, \" \/><\/div><\/a><\/div><div class=\"awb-imageframe-caption-container\"><div class=\"awb-imageframe-caption\"><h2 class=\"awb-imageframe-caption-title\">Museo Archeologico<\/h2><p class=\"awb-imageframe-caption-text\">Anelloni piceni<\/p><\/div><\/div><\/div><\/div><\/div><\/div><\/div><\/div><\/div><\/p>\n","protected":false},"excerpt":{"rendered":"","protected":false},"author":1,"featured_media":0,"parent":0,"menu_order":0,"comment_status":"closed","ping_status":"closed","template":"100-width.php","meta":{"_monsterinsights_skip_tracking":false,"_monsterinsights_sitenote_active":false,"_monsterinsights_sitenote_note":"","_monsterinsights_sitenote_category":0,"footnotes":""},"class_list":["post-6807","page","type-page","status-publish","hentry"],"_links":{"self":[{"href":"https:\/\/www.visitripatransone.it\/en\/wp-json\/wp\/v2\/pages\/6807","targetHints":{"allow":["GET"]}}],"collection":[{"href":"https:\/\/www.visitripatransone.it\/en\/wp-json\/wp\/v2\/pages"}],"about":[{"href":"https:\/\/www.visitripatransone.it\/en\/wp-json\/wp\/v2\/types\/page"}],"author":[{"embeddable":true,"href":"https:\/\/www.visitripatransone.it\/en\/wp-json\/wp\/v2\/users\/1"}],"replies":[{"embeddable":true,"href":"https:\/\/www.visitripatransone.it\/en\/wp-json\/wp\/v2\/comments?post=6807"}],"version-history":[{"count":5,"href":"https:\/\/www.visitripatransone.it\/en\/wp-json\/wp\/v2\/pages\/6807\/revisions"}],"predecessor-version":[{"id":6991,"href":"https:\/\/www.visitripatransone.it\/en\/wp-json\/wp\/v2\/pages\/6807\/revisions\/6991"}],"wp:attachment":[{"href":"https:\/\/www.visitripatransone.it\/en\/wp-json\/wp\/v2\/media?parent=6807"}],"curies":[{"name":"wp","href":"https:\/\/api.w.org\/{rel}","templated":true}]}}