{"id":6311,"date":"2022-07-21T14:01:14","date_gmt":"2022-07-21T12:01:14","guid":{"rendered":"https:\/\/www.visitripatransone.it\/?page_id=6311"},"modified":"2022-07-22T15:33:03","modified_gmt":"2022-07-22T13:33:03","slug":"la-storia","status":"publish","type":"page","link":"https:\/\/www.visitripatransone.it\/en\/la-storia\/","title":{"rendered":"The history of Ripatransone"},"content":{"rendered":"<p><div class=\"fusion-fullwidth fullwidth-box fusion-builder-row-1 fusion-flex-container nonhundred-percent-fullwidth non-hundred-percent-height-scrolling\" style=\"--awb-border-radius-top-left:0px;--awb-border-radius-top-right:0px;--awb-border-radius-bottom-right:0px;--awb-border-radius-bottom-left:0px;--awb-flex-wrap:wrap;\" ><div class=\"fusion-builder-row fusion-row fusion-flex-align-items-flex-start fusion-flex-content-wrap\" style=\"max-width:1331.2px;margin-left: calc(-4% \/ 2 );margin-right: calc(-4% \/ 2 );\"><div class=\"fusion-layout-column fusion_builder_column fusion-builder-column-0 fusion_builder_column_1_1 1_1 fusion-flex-column\" style=\"--awb-bg-size:cover;--awb-width-large:100%;--awb-margin-top-large:0px;--awb-spacing-right-large:1.92%;--awb-margin-bottom-large:0px;--awb-spacing-left-large:1.92%;--awb-width-medium:100%;--awb-order-medium:0;--awb-spacing-right-medium:1.92%;--awb-spacing-left-medium:1.92%;--awb-width-small:100%;--awb-order-small:0;--awb-spacing-right-small:1.92%;--awb-spacing-left-small:1.92%;\"><div class=\"fusion-column-wrapper fusion-column-has-shadow fusion-flex-justify-content-flex-start fusion-content-layout-column\"><div class=\"fusion-title title fusion-title-1 fusion-title-center fusion-title-text fusion-title-size-one\" style=\"--awb-margin-top-small:0px;--awb-margin-right-small:0px;--awb-margin-bottom-small:20px;--awb-margin-left-small:0px;--awb-font-size:var(--awb-typography1-font-size);\"><div class=\"title-sep-container title-sep-container-left\"><div class=\"title-sep sep- sep-solid\" style=\"border-color:#e0dede;\"><\/div><\/div><span class=\"awb-title-spacer\"><\/span><h1 class=\"fusion-title-heading title-heading-center fusion-responsive-typography-calculated\" style=\"font-family:var(--awb-typography1-font-family);font-weight:var(--awb-typography1-font-weight);font-style:var(--awb-typography1-font-style);margin:0;letter-spacing:var(--awb-typography1-letter-spacing);text-transform:var(--awb-typography1-text-transform);font-size:1em;--fontSize:46;line-height:var(--awb-typography1-line-height);\"><p style=\"text-align: center;\">Una Citt\u00e0 antica<\/p><\/h1><span class=\"awb-title-spacer\"><\/span><div class=\"title-sep-container title-sep-container-right\"><div class=\"title-sep sep- sep-solid\" style=\"border-color:#e0dede;\"><\/div><\/div><\/div><div class=\"fusion-text fusion-text-1\" style=\"--awb-font-size:var(--awb-typography4-font-size);--awb-line-height:var(--awb-typography4-line-height);--awb-letter-spacing:var(--awb-typography4-letter-spacing);--awb-text-transform:var(--awb-typography4-text-transform);--awb-text-font-family:var(--awb-typography4-font-family);--awb-text-font-weight:var(--awb-typography4-font-weight);--awb-text-font-style:var(--awb-typography4-font-style);\"><p style=\"text-align: center;\">Una Citt\u00e0 che ha attraversato molte epoche portando con s\u00e9 da ciascuna di esse segni tangibili<\/p>\n<\/div><\/div><\/div><\/div><\/div><div class=\"fusion-fullwidth fullwidth-box fusion-builder-row-2 fusion-flex-container nonhundred-percent-fullwidth non-hundred-percent-height-scrolling\" style=\"--awb-border-radius-top-left:0px;--awb-border-radius-top-right:0px;--awb-border-radius-bottom-right:0px;--awb-border-radius-bottom-left:0px;--awb-flex-wrap:wrap;\" ><div class=\"fusion-builder-row fusion-row fusion-flex-align-items-flex-start fusion-flex-content-wrap\" style=\"max-width:1331.2px;margin-left: calc(-4% \/ 2 );margin-right: calc(-4% \/ 2 );\"><div class=\"fusion-layout-column fusion_builder_column fusion-builder-column-1 fusion_builder_column_1_1 1_1 fusion-flex-column\" style=\"--awb-bg-size:cover;--awb-width-large:100%;--awb-margin-top-large:0px;--awb-spacing-right-large:1.92%;--awb-margin-bottom-large:0px;--awb-spacing-left-large:1.92%;--awb-width-medium:100%;--awb-order-medium:0;--awb-spacing-right-medium:1.92%;--awb-spacing-left-medium:1.92%;--awb-width-small:100%;--awb-order-small:0;--awb-spacing-right-small:1.92%;--awb-spacing-left-small:1.92%;\"><div class=\"fusion-column-wrapper fusion-column-has-shadow fusion-flex-justify-content-flex-start fusion-content-layout-column\"><div class=\"fusion-text fusion-text-2\"><p>Il territorio ripano ospita l\u2019uomo fin dagli albori della civilt\u00e0. Le fonti archeologiche ci narrano di insediamenti gi\u00e0 in et\u00e0 paleolitica. Durante l\u2019Et\u00e0 del Ferro, la zona fu abitata dagli Umbri e dai Piceni divenendo poi un centro della civilt\u00e0 picena (IX-III secolo a.C). Anticamente abitato dai Cuprensi fu chiamato nell&#8217;epoca Romana Cuprae Mons, in virt\u00f9 della sua posizione inaccessibile.<\/p>\n<p>L\u2019alba di Ripatransone \u00e8 da ricercare nell\u2019Alto Medioevo, periodo al quale viene fatta risalire la concessione del possedimento a Trasone (o Transone), primo feudatario del luogo. Non a caso, secondo l\u2019ipotesi pi\u00f9 accreditata, l\u2019origine del nome della Citt\u00e0 \u00e8 legata all\u2019unione delle parole \u201cripa\u201d, da rupe o altura, e \u201cTra(n)sone\u201d, l\u2019eponimo relativo al fondatore del feudo.<\/p>\n<p>Secondo la tradizione, gli originari castelli ripani &#8211; Monte Antico, Capodimonte, Roflano e Agello &#8211; furono fondati gi\u00e0 nel IX secolo, ma ne venne completata l\u2019unificazione nel 1198 sotto la protezione di Adenolfo, collaboratore del vescovo di Fermo Presbitero, con l\u2019intento di fronteggiare l\u2019avanzata di Marcovaldo contro la chiesa ed il Comune fermano.<\/p>\n<p>Nel 1205, Adenolfo divenne Vescovo e con i ripani stipula un contratto che rappresentava di fatto la carta di nascita del primo libero comune rurale d&#8217;Italia. Vennero dunque concessi agli abitanti del posto alcuni diritti, come la facolt\u00e0 di eleggere i consoli, di fare \u201ccommunantiam\u201d e di crearsi uno statuto.<\/p>\n<p>La posizione strategica &#8211; sulla pi\u00f9 alta collina della zona &#8211; e le continue resistenze agli attacchi nemici in et\u00e0 medievale le fecero acquisire il nome di Propugnaculum Piceni. Le travagliate vicende di cui fu protagonista Ripatransone sono testimoniate ancora oggi da una gagliarda cinta muraria, pi\u00f9 volte restaurata e in gran parte intatta<\/p>\n<p>Dopo appositi processi, per l\u2019importanza raggiunta nella zona in quasi tutti i settori della vita cittadina, per il numero degli abitanti e delle attivit\u00e0, il 30 luglio 1571 papa Pio V elevo\u0300 Ripatransone al grado di Citta\u0300 e di sede vescovile con la bolla Illius fulciti Praesidio; il primo Vescovo, Mons. Lucio Sasso di Nola, vi fece il solenne ingresso il 23 marzo 1572.<\/p>\n<p>La Citt\u00e0 \u00e8 tuttora divisa nei quartieri di Monte Antico, Capodimonte, Agello e Roflano, sulle tracce degli omonimi quattro antichi castelli, ciascuno con la sua porta e la sua chiesa parrocchiale.<\/p>\n<\/div><\/div><\/div><\/div><\/div><\/p>","protected":false},"excerpt":{"rendered":"","protected":false},"author":1,"featured_media":0,"parent":0,"menu_order":0,"comment_status":"closed","ping_status":"closed","template":"","meta":{"_monsterinsights_skip_tracking":false,"_monsterinsights_sitenote_active":false,"_monsterinsights_sitenote_note":"","_monsterinsights_sitenote_category":0,"footnotes":""},"class_list":["post-6311","page","type-page","status-publish","hentry"],"_links":{"self":[{"href":"https:\/\/www.visitripatransone.it\/en\/wp-json\/wp\/v2\/pages\/6311","targetHints":{"allow":["GET"]}}],"collection":[{"href":"https:\/\/www.visitripatransone.it\/en\/wp-json\/wp\/v2\/pages"}],"about":[{"href":"https:\/\/www.visitripatransone.it\/en\/wp-json\/wp\/v2\/types\/page"}],"author":[{"embeddable":true,"href":"https:\/\/www.visitripatransone.it\/en\/wp-json\/wp\/v2\/users\/1"}],"replies":[{"embeddable":true,"href":"https:\/\/www.visitripatransone.it\/en\/wp-json\/wp\/v2\/comments?post=6311"}],"version-history":[{"count":2,"href":"https:\/\/www.visitripatransone.it\/en\/wp-json\/wp\/v2\/pages\/6311\/revisions"}],"predecessor-version":[{"id":6313,"href":"https:\/\/www.visitripatransone.it\/en\/wp-json\/wp\/v2\/pages\/6311\/revisions\/6313"}],"wp:attachment":[{"href":"https:\/\/www.visitripatransone.it\/en\/wp-json\/wp\/v2\/media?parent=6311"}],"curies":[{"name":"wp","href":"https:\/\/api.w.org\/{rel}","templated":true}]}}