{"id":6140,"date":"2022-07-10T16:53:06","date_gmt":"2022-07-10T14:53:06","guid":{"rendered":"https:\/\/www.visitripatransone.it\/?page_id=6140"},"modified":"2022-07-24T01:25:09","modified_gmt":"2022-07-23T23:25:09","slug":"vicolo-piu-stretto-ditalia","status":"publish","type":"page","link":"https:\/\/www.visitripatransone.it\/en\/borgo\/vicolo-piu-stretto-ditalia\/","title":{"rendered":"Vicolo pi\u00f9 stretto d&#8217;Italia"},"content":{"rendered":"<p><div class=\"fusion-fullwidth fullwidth-box fusion-builder-row-1 fusion-flex-container nonhundred-percent-fullwidth non-hundred-percent-height-scrolling\" style=\"--awb-border-radius-top-left:0px;--awb-border-radius-top-right:0px;--awb-border-radius-bottom-right:0px;--awb-border-radius-bottom-left:0px;--awb-padding-right:0px;--awb-padding-left:0px;--awb-flex-wrap:wrap;\" ><div class=\"fusion-builder-row fusion-row fusion-flex-align-items-flex-start fusion-flex-justify-content-space-around fusion-flex-content-wrap\" style=\"max-width:1331.2px;margin-left: calc(-4% \/ 2 );margin-right: calc(-4% \/ 2 );\"><div class=\"fusion-layout-column fusion_builder_column fusion-builder-column-0 fusion_builder_column_1_1 1_1 fusion-flex-column\" style=\"--awb-bg-size:cover;--awb-width-large:100%;--awb-margin-top-large:0px;--awb-spacing-right-large:2.88%;--awb-margin-bottom-large:0px;--awb-spacing-left-large:2.88%;--awb-width-medium:100%;--awb-order-medium:0;--awb-spacing-right-medium:2.88%;--awb-spacing-left-medium:2.88%;--awb-width-small:100%;--awb-order-small:0;--awb-spacing-right-small:2.88%;--awb-spacing-left-small:2.88%;\"><div class=\"fusion-column-wrapper fusion-column-has-shadow fusion-flex-justify-content-space-around fusion-content-layout-row fusion-content-nowrap\"><div class=\"fusion-text fusion-text-1\" style=\"--awb-content-alignment:center;\"><p style=\"font-weight: 400; text-align: center;\">Fra le vie del centro di Ripatransone, possiamo trovare un esempio\u00a0dei vari tesori che la Citt\u00e0 ci offre. Si tratta del vicolo pi\u00f9 stretto d&#8217;Italia sito nel quartiere di Roflano,\u00a0cos\u00ec piccolo da non avere neppure un nome.\u00a0Un cartello turistico, adiacente al vicolo stesso, reclama il suo primato.<\/p>\n<p style=\"font-weight: 400; text-align: center;\">Parlando di numeri, il vicolo \u00e8 largo 43 cm all&#8217;altezza delle spalle di un\u00a0uomo medio e, pi\u00f9 in alto, tende a stringersi fino ad arrivare a 38 cm; p<span style=\"font-weight: 400;\">ossiede tutti i requisiti per essere considerato &#8220;vicolo&#8221;: \u00e8 pavimentato, \u00e8 percorribile ed \u00e8 dotato di almeno una porta o di una finestra (presente nel nostro caso).<\/span><br \/>\nMolte altre citt\u00e0 d&#8217;Italia hanno cercato di competere con i numeri del\u00a0Vicolo di Ripatransone, ma senza successo, tanto che quest&#8217;ultimo si \u00e8\u00a0guadagnato un suo spazio all&#8217;interno del Guinness dei Primati.<\/p>\n<\/div><\/div><\/div><\/div><\/div><div class=\"fusion-fullwidth fullwidth-box fusion-builder-row-2 fusion-flex-container nonhundred-percent-fullwidth non-hundred-percent-height-scrolling\" style=\"--awb-border-radius-top-left:0px;--awb-border-radius-top-right:0px;--awb-border-radius-bottom-right:0px;--awb-border-radius-bottom-left:0px;--awb-padding-top:0px;--awb-padding-right:0px;--awb-padding-bottom:3%;--awb-padding-left:0px;--awb-margin-top:0px;--awb-background-color:var(--awb-color2);--awb-flex-wrap:wrap;\" ><div class=\"fusion-builder-row fusion-row fusion-flex-align-items-flex-start fusion-flex-justify-content-space-around fusion-flex-content-wrap\" style=\"max-width:1331.2px;margin-left: calc(-4% \/ 2 );margin-right: calc(-4% \/ 2 );\"><div class=\"fusion-layout-column fusion_builder_column fusion-builder-column-1 fusion_builder_column_1_1 1_1 fusion-flex-column\" style=\"--awb-bg-size:cover;--awb-width-large:100%;--awb-margin-top-large:0px;--awb-spacing-right-large:0%;--awb-margin-bottom-large:0px;--awb-spacing-left-large:0%;--awb-width-medium:100%;--awb-order-medium:0;--awb-spacing-right-medium:1.92%;--awb-spacing-left-medium:1.92%;--awb-width-small:100%;--awb-order-small:0;--awb-spacing-right-small:1.92%;--awb-spacing-left-small:1.92%;\"><div class=\"fusion-column-wrapper fusion-column-has-shadow fusion-flex-justify-content-flex-start fusion-content-layout-column\"><div class=\"fusion-title title fusion-title-1 fusion-title-text fusion-title-size-one\" style=\"--awb-margin-top-small:0px;--awb-margin-right-small:0px;--awb-margin-bottom-small:20px;--awb-margin-left-small:0px;\"><div class=\"title-sep-container title-sep-container-left fusion-no-large-visibility fusion-no-medium-visibility fusion-no-small-visibility\"><div class=\"title-sep sep- sep-solid\" style=\"border-color:#e0dede;\"><\/div><\/div><span class=\"awb-title-spacer fusion-no-large-visibility fusion-no-medium-visibility fusion-no-small-visibility\"><\/span><h1 class=\"fusion-title-heading title-heading-left fusion-responsive-typography-calculated\" style=\"margin:0;--fontSize:46;line-height:var(--awb-typography1-line-height);\"><h6>Gallery<\/h6><\/h1><span class=\"awb-title-spacer\"><\/span><div class=\"title-sep-container title-sep-container-right\"><div class=\"title-sep sep- sep-solid\" style=\"border-color:#e0dede;\"><\/div><\/div><\/div><\/div><\/div><div class=\"fusion-layout-column fusion_builder_column fusion-builder-column-2 fusion_builder_column_1_1 1_1 fusion-flex-column fusion-flex-align-self-flex-start\" style=\"--awb-bg-size:cover;--awb-width-large:100%;--awb-margin-top-large:0px;--awb-spacing-right-large:0%;--awb-margin-bottom-large:0px;--awb-spacing-left-large:0%;--awb-width-medium:100%;--awb-order-medium:0;--awb-spacing-right-medium:1.92%;--awb-spacing-left-medium:1.92%;--awb-width-small:100%;--awb-order-small:0;--awb-spacing-right-small:1.92%;--awb-spacing-left-small:1.92%;\"><div class=\"fusion-column-wrapper fusion-column-has-shadow fusion-flex-justify-content-space-around fusion-content-layout-column\"><div class=\"awb-gallery-wrapper awb-gallery-wrapper-1 button-span-no\"><div style=\"margin:-6px;--awb-bordersize:0px;--awb-border-radius:10px;\" class=\"fusion-gallery fusion-gallery-container fusion-grid-3 fusion-columns-total-1 fusion-gallery-layout-masonry fusion-gallery-1\"><div class=\"fusion-grid-column fusion-gallery-column fusion-gallery-column-3 hover-type-zoomin fusion-grid-sizer\"><\/div><div style=\"padding:6px;\" class=\"fusion-grid-column fusion-gallery-column fusion-gallery-column-3 hover-type-zoomin fusion-element-portrait\"><div class=\"fusion-gallery-image\"><a href=\"https:\/\/www.visitripatransone.it\/wp-content\/uploads\/2022\/07\/Vicolo_Basso_1-scaled.jpg\" rel=\"noreferrer\" data-rel=\"iLightbox[gallery_image_1]\" class=\"fusion-lightbox\" target=\"_self\"><div style=\"background-image:url(https:\/\/www.visitripatransone.it\/wp-content\/uploads\/2022\/07\/Vicolo_Basso_1-scaled.jpg);padding-top:calc((100% + 12px) * 1.6);background-position:52% 38%;\" class=\"fusion-masonry-element-container\"><img decoding=\"async\" src=\"https:\/\/www.visitripatransone.it\/wp-content\/uploads\/2022\/07\/Vicolo_Basso_1-scaled.jpg\" width=\"1709\" height=\"2560\" alt=\"\" title=\"Vicolo_Basso_1\" aria-label=\"Vicolo_Basso_1\" class=\"img-responsive wp-image-6143\" srcset=\"https:\/\/www.visitripatransone.it\/wp-content\/uploads\/2022\/07\/Vicolo_Basso_1-200x300.jpg 200w, https:\/\/www.visitripatransone.it\/wp-content\/uploads\/2022\/07\/Vicolo_Basso_1-400x599.jpg 400w, https:\/\/www.visitripatransone.it\/wp-content\/uploads\/2022\/07\/Vicolo_Basso_1-600x899.jpg 600w, https:\/\/www.visitripatransone.it\/wp-content\/uploads\/2022\/07\/Vicolo_Basso_1-800x1198.jpg 800w, https:\/\/www.visitripatransone.it\/wp-content\/uploads\/2022\/07\/Vicolo_Basso_1-1200x1798.jpg 1200w, https:\/\/www.visitripatransone.it\/wp-content\/uploads\/2022\/07\/Vicolo_Basso_1-scaled.jpg 1709w\" sizes=\"(min-width: 2200px) 100vw, (min-width: 794px) 423px, (min-width: 717px) 634px, (min-width: 640px) 717px, \" \/><\/div><\/a><\/div><\/div><\/div><\/div><\/div><\/div><\/div><\/div><\/p>\n","protected":false},"excerpt":{"rendered":"","protected":false},"author":1,"featured_media":0,"parent":1695,"menu_order":0,"comment_status":"closed","ping_status":"closed","template":"100-width.php","meta":{"_monsterinsights_skip_tracking":false,"_monsterinsights_sitenote_active":false,"_monsterinsights_sitenote_note":"","_monsterinsights_sitenote_category":0,"footnotes":""},"class_list":["post-6140","page","type-page","status-publish","hentry"],"_links":{"self":[{"href":"https:\/\/www.visitripatransone.it\/en\/wp-json\/wp\/v2\/pages\/6140","targetHints":{"allow":["GET"]}}],"collection":[{"href":"https:\/\/www.visitripatransone.it\/en\/wp-json\/wp\/v2\/pages"}],"about":[{"href":"https:\/\/www.visitripatransone.it\/en\/wp-json\/wp\/v2\/types\/page"}],"author":[{"embeddable":true,"href":"https:\/\/www.visitripatransone.it\/en\/wp-json\/wp\/v2\/users\/1"}],"replies":[{"embeddable":true,"href":"https:\/\/www.visitripatransone.it\/en\/wp-json\/wp\/v2\/comments?post=6140"}],"version-history":[{"count":5,"href":"https:\/\/www.visitripatransone.it\/en\/wp-json\/wp\/v2\/pages\/6140\/revisions"}],"predecessor-version":[{"id":6350,"href":"https:\/\/www.visitripatransone.it\/en\/wp-json\/wp\/v2\/pages\/6140\/revisions\/6350"}],"up":[{"embeddable":true,"href":"https:\/\/www.visitripatransone.it\/en\/wp-json\/wp\/v2\/pages\/1695"}],"wp:attachment":[{"href":"https:\/\/www.visitripatransone.it\/en\/wp-json\/wp\/v2\/media?parent=6140"}],"curies":[{"name":"wp","href":"https:\/\/api.w.org\/{rel}","templated":true}]}}