{"id":4876,"date":"2022-05-28T20:50:03","date_gmt":"2022-05-28T18:50:03","guid":{"rendered":"https:\/\/www.visitripatransone.it\/?page_id=4876"},"modified":"2022-07-21T23:13:15","modified_gmt":"2022-07-21T21:13:15","slug":"museo-archeologico-cesare-cellini","status":"publish","type":"page","link":"https:\/\/www.visitripatransone.it\/en\/museo-archeologico-cesare-cellini\/","title":{"rendered":"Museo Archeologico &#8220;Cesare Cellini&#8221;"},"content":{"rendered":"<div class=\"fusion-fullwidth fullwidth-box fusion-builder-row-1 fusion-flex-container nonhundred-percent-fullwidth non-hundred-percent-height-scrolling\" style=\"--awb-border-radius-top-left:0px;--awb-border-radius-top-right:0px;--awb-border-radius-bottom-right:0px;--awb-border-radius-bottom-left:0px;--awb-flex-wrap:wrap;\" ><div class=\"fusion-builder-row fusion-row fusion-flex-align-items-flex-start fusion-flex-content-wrap\" style=\"max-width:1331.2px;margin-left: calc(-4% \/ 2 );margin-right: calc(-4% \/ 2 );\"><div class=\"fusion-layout-column fusion_builder_column fusion-builder-column-0 fusion_builder_column_1_1 1_1 fusion-flex-column\" style=\"--awb-bg-size:cover;--awb-width-large:100%;--awb-margin-top-large:0px;--awb-spacing-right-large:1.92%;--awb-margin-bottom-large:0px;--awb-spacing-left-large:1.92%;--awb-width-medium:100%;--awb-spacing-right-medium:1.92%;--awb-spacing-left-medium:1.92%;--awb-width-small:100%;--awb-spacing-right-small:1.92%;--awb-spacing-left-small:1.92%;\"><div class=\"fusion-column-wrapper fusion-flex-justify-content-flex-start fusion-content-layout-column\"><div class=\"fusion-text fusion-text-1\"><p style=\"font-weight: 400;\">Il Museo Civico Archeologico che porta il nome di chi nel 1877 lo fond\u00f2, cio\u00e8 Don Cesare Cellini, canonico della Cattedrale e Cavaliere della Corona\u00a0d&#8217;Italia, \u00e8 uno dei pi\u00f9 ricchi, importanti e visitati musei della Regione Marche. I reperti custoditi sono circa 4.000 comprese le monete: quelli esposti, ovviamente i pi\u00f9 significativi ed i meglio conservati, sono circa 500, sistemati in cinque sale ed in un corridoio, in 32 armadi, su supporti, su griglie: essi danno la possibilit\u00e0 al visitatore di ricostruire l&#8217;evoluzione della frequentazione nel territorio di Ripatransone (dal quale proviene circa il 90 % del materiale), dalla preistoria alla civilt\u00e0 romana; materiali litici: paleolitico, neolitico-eneolitico; materiali dell&#8217;et\u00e0 del bronzo; i materiali dell&#8217;et\u00e0 del ferro costituiscono il nucleo pi\u00f9 consistente, essendo reperti della civilt\u00e0 picena (secoli IX-III a.C.), databili per la maggior parte VI secolo a.C.; questa sezione \u00e8 stata allestita sia con criteri tipologici, sia con criteri topografici. Tra i reperti della civilt\u00e0 picena si segnalano: le collane, ali anelloni (oggetti tipici dei Piceni), gli elmi, la tomba di donna, i poppatoi, i buccheroidi (materiale fittile di colore scuro, di imitazione etrusca).<\/p>\n<p style=\"font-weight: 400;\">La sezione della civilt\u00e0 romana \u00e8 sistemata nell&#8217;ultima sala e nel corridoio grande: fatta eccezione per alcune monete, i reperti sono databili I sec. a.C. &#8211; I sec. d.C.; si segnalano: il busto di Venere in marmo, le lucerne, le urne cinerarie, frammento di affresco pompeiano, urna cineraria monumentale (I sec. d.C.) di Aulo Volumnio Platano liberto di Aulo (pezzo raro in Italia ed in Europa); interessante il lapidario per l&#8217;assortimento dei reperti, fra cui frammenti di calendario e la lapide tombale con epigrafe di Buxurio truentino, di nome Tracalo, architetto.<\/p>\n<p style=\"font-weight: 400;\">Il locale del piano rialzato ospita dal 1998 la sezione medievale; tra i pezzi, un elegante fonte battesimale con bassorilievi, databile XXI secolo; un trittico in pietra (mutilo, stesso periodo), quattro eleganti fibule longobarde (sec. VI), lucerne in ferro ed in terracotta. Il locale adiacente custodisce dal 21 aprile 2001 la sezione moderna; fra le curiosit\u00e0, uno dei laterizi usati per richiudere la Porta Santa della basilica Vaticana di S. Pietro alla conclusione del Giubileo dell&#8217;anno 1775.<\/p>\n<\/div><\/div><\/div><\/div><\/div>","protected":false},"excerpt":{"rendered":"","protected":false},"author":1,"featured_media":0,"parent":0,"menu_order":0,"comment_status":"closed","ping_status":"closed","template":"","meta":{"_monsterinsights_skip_tracking":false,"_monsterinsights_sitenote_active":false,"_monsterinsights_sitenote_note":"","_monsterinsights_sitenote_category":0,"footnotes":""},"class_list":["post-4876","page","type-page","status-publish","hentry"],"_links":{"self":[{"href":"https:\/\/www.visitripatransone.it\/en\/wp-json\/wp\/v2\/pages\/4876","targetHints":{"allow":["GET"]}}],"collection":[{"href":"https:\/\/www.visitripatransone.it\/en\/wp-json\/wp\/v2\/pages"}],"about":[{"href":"https:\/\/www.visitripatransone.it\/en\/wp-json\/wp\/v2\/types\/page"}],"author":[{"embeddable":true,"href":"https:\/\/www.visitripatransone.it\/en\/wp-json\/wp\/v2\/users\/1"}],"replies":[{"embeddable":true,"href":"https:\/\/www.visitripatransone.it\/en\/wp-json\/wp\/v2\/comments?post=4876"}],"version-history":[{"count":3,"href":"https:\/\/www.visitripatransone.it\/en\/wp-json\/wp\/v2\/pages\/4876\/revisions"}],"predecessor-version":[{"id":6316,"href":"https:\/\/www.visitripatransone.it\/en\/wp-json\/wp\/v2\/pages\/4876\/revisions\/6316"}],"wp:attachment":[{"href":"https:\/\/www.visitripatransone.it\/en\/wp-json\/wp\/v2\/media?parent=4876"}],"curies":[{"name":"wp","href":"https:\/\/api.w.org\/{rel}","templated":true}]}}