{"id":2561,"date":"2022-05-14T18:29:18","date_gmt":"2022-05-14T16:29:18","guid":{"rendered":"https:\/\/www.visitripatransone.it\/?page_id=2561"},"modified":"2023-02-07T18:00:27","modified_gmt":"2023-02-07T17:00:27","slug":"mura","status":"publish","type":"page","link":"https:\/\/www.visitripatransone.it\/en\/borgo\/mura\/","title":{"rendered":"Mura e Fortificazioni"},"content":{"rendered":"<p><div class=\"fusion-fullwidth fullwidth-box fusion-builder-row-1 fusion-flex-container nonhundred-percent-fullwidth non-hundred-percent-height-scrolling\" style=\"--awb-border-radius-top-left:0px;--awb-border-radius-top-right:0px;--awb-border-radius-bottom-right:0px;--awb-border-radius-bottom-left:0px;--awb-padding-right:0px;--awb-padding-left:0px;--awb-flex-wrap:wrap;\" ><div class=\"fusion-builder-row fusion-row fusion-flex-align-items-flex-start fusion-flex-justify-content-space-around fusion-flex-content-wrap\" style=\"max-width:1331.2px;margin-left: calc(-4% \/ 2 );margin-right: calc(-4% \/ 2 );\"><div class=\"fusion-layout-column fusion_builder_column fusion-builder-column-0 fusion_builder_column_1_1 1_1 fusion-flex-column\" style=\"--awb-bg-size:cover;--awb-width-large:100%;--awb-margin-top-large:0px;--awb-spacing-right-large:2.88%;--awb-margin-bottom-large:0px;--awb-spacing-left-large:2.88%;--awb-width-medium:100%;--awb-order-medium:0;--awb-spacing-right-medium:2.88%;--awb-spacing-left-medium:2.88%;--awb-width-small:100%;--awb-order-small:0;--awb-spacing-right-small:2.88%;--awb-spacing-left-small:2.88%;\"><div class=\"fusion-column-wrapper fusion-column-has-shadow fusion-flex-justify-content-space-around fusion-content-layout-row fusion-content-nowrap\"><div class=\"fusion-text fusion-text-1\" style=\"--awb-content-alignment:center;\"><p style=\"font-weight: 400; text-align: center;\">Le mura ed i torrioni di difesa di Ripatransone, innalzati quasi certamente dopo il 1205, anno di \u201cnascita\u201d del libero Comune, erano fatiscenti dopo l\u2019assalto delle truppe di Francesco Sforza del 1444.\u00a0 Per interessamento del ripano Francesco Lunerti, il papa Eugenio IV accord\u00f2 a Ripatransone l\u2019esenzione trentennale dalle tasse per renderne possibile la ricostruzione. Altri aiuti furono concessi da Giosia d\u2019Acquaviva, Duca d\u2019Atri, che aveva legami di sangue e di affetto con la citt\u00e0.<\/p>\n<p style=\"font-weight: 400; text-align: center;\">Sottoposte nel corso dei secoli a diversi interventi, le mura medievali hanno subito gravi danni negli anni 1966-67 per l\u2019ampliamento della strada provinciale \u201cCuprense\u201d. Ci\u00f2 nonostante, quella di Ripatransone resta una delle cinte fortificate marchigiane pi\u00f9 belle e articolate.\u00a0 Lo sviluppo del perimetro murario in un\u2019incisione ottocentesca \u00e8 stimato in metri 2.418; esso segue l\u2019orografia del sito, che varia da quartiere a quartiere.<\/p>\n<p style=\"font-weight: 400; text-align: center;\">Come nel Medioevo, la citt\u00e0 \u00e8 divisa nei quartieri di <em>Monte Antico<\/em>, <em>Capo di Monte<\/em>, <em>San Domenico (o Roflano)<\/em>, <em>Agello<\/em>.<\/p>\n<p style=\"font-weight: 400; text-align: center;\">La cinta murata \u00e8 aperta da pi\u00f9 porte; la pi\u00f9 bella \u00e8 la <strong>Porta di Monte Antico<\/strong>.\u00a0 Orientata a meridione, a pianta quadrata, \u00e8 provvista di fornice a sesto acuto; dispone di apprestamento in aggetto su sporto di beccatelli a caditoie, ad esclusione del lato posteriore e del lato mancino interno alla cortina in esso innestata. La torre disponeva, come seconda sicurezza (oltre che del portone) di una saracinesca allocata verso l\u2019interno dell\u2019androne: di essa resta solo parte della sede di scorrimento.\u00a0 Poco sopra l\u2019estradosso del fornice d\u2019ingresso \u00e8 murato uno stemma reso illeggibile.\u00a0 Il coronamento merlato, ancorch\u00e9 restaurato, \u00e8 come in origine provvisto di merli alla ghibellina, alcuni dei quali attrezzati con feritoie da moschetto; esso si innesta in un sistema di beccatelli e piombatoi per esercitare tanto la difesa piombante che quella ficcante.<\/p>\n<p style=\"font-weight: 400; text-align: center;\">La <strong>Porta di Agello<\/strong>, anch\u2019essa fortificata, \u00e8 orientata a settentrione. Un tempo disponeva di apparato a sporgere attrezzato con piombatoi limitato ai lati esposti ad un eventuale attaccante, cio\u00e8 quelli \u201cextra moenia\u201d.<\/p>\n<p style=\"font-weight: 400; text-align: center;\">La <strong>Porta di San Domenico<\/strong> mostra un bello stemma in pietra murato sopra l\u2019estradosso del fornice; il coronamento era munito di un leggero apparato a sporgere, che, pur privo di sistema piombante, ospitava le merlature.<\/p>\n<\/div><\/div><\/div><\/div><\/div><div class=\"fusion-fullwidth fullwidth-box fusion-builder-row-2 fusion-flex-container nonhundred-percent-fullwidth non-hundred-percent-height-scrolling\" style=\"--awb-border-radius-top-left:0px;--awb-border-radius-top-right:0px;--awb-border-radius-bottom-right:0px;--awb-border-radius-bottom-left:0px;--awb-padding-top:0px;--awb-padding-right:0px;--awb-padding-bottom:3%;--awb-padding-left:0px;--awb-margin-top:0px;--awb-background-color:var(--awb-color2);--awb-flex-wrap:wrap;\" ><div class=\"fusion-builder-row fusion-row fusion-flex-align-items-flex-start fusion-flex-justify-content-space-around fusion-flex-content-wrap\" style=\"max-width:1331.2px;margin-left: calc(-4% \/ 2 );margin-right: calc(-4% \/ 2 );\"><div class=\"fusion-layout-column fusion_builder_column fusion-builder-column-1 fusion_builder_column_1_1 1_1 fusion-flex-column\" style=\"--awb-bg-size:cover;--awb-width-large:100%;--awb-margin-top-large:0px;--awb-spacing-right-large:0%;--awb-margin-bottom-large:0px;--awb-spacing-left-large:0%;--awb-width-medium:100%;--awb-order-medium:0;--awb-spacing-right-medium:1.92%;--awb-spacing-left-medium:1.92%;--awb-width-small:100%;--awb-order-small:0;--awb-spacing-right-small:1.92%;--awb-spacing-left-small:1.92%;\"><div class=\"fusion-column-wrapper fusion-column-has-shadow fusion-flex-justify-content-flex-start fusion-content-layout-column\"><div class=\"fusion-title title fusion-title-1 fusion-title-text fusion-title-size-one\" style=\"--awb-margin-top-small:0px;--awb-margin-right-small:0px;--awb-margin-bottom-small:20px;--awb-margin-left-small:0px;\"><div class=\"title-sep-container title-sep-container-left fusion-no-large-visibility fusion-no-medium-visibility fusion-no-small-visibility\"><div class=\"title-sep sep- sep-solid\" style=\"border-color:#e0dede;\"><\/div><\/div><span class=\"awb-title-spacer fusion-no-large-visibility fusion-no-medium-visibility fusion-no-small-visibility\"><\/span><h1 class=\"fusion-title-heading title-heading-left fusion-responsive-typography-calculated\" style=\"margin:0;--fontSize:46;line-height:var(--awb-typography1-line-height);\"><h6>Gallery<\/h6><\/h1><span class=\"awb-title-spacer\"><\/span><div class=\"title-sep-container title-sep-container-right\"><div class=\"title-sep sep- sep-solid\" style=\"border-color:#e0dede;\"><\/div><\/div><\/div><\/div><\/div><div class=\"fusion-layout-column fusion_builder_column fusion-builder-column-2 fusion_builder_column_1_1 1_1 fusion-flex-column fusion-flex-align-self-flex-start\" style=\"--awb-bg-size:cover;--awb-width-large:100%;--awb-margin-top-large:0px;--awb-spacing-right-large:0%;--awb-margin-bottom-large:0px;--awb-spacing-left-large:0%;--awb-width-medium:100%;--awb-order-medium:0;--awb-spacing-right-medium:1.92%;--awb-spacing-left-medium:1.92%;--awb-width-small:100%;--awb-order-small:0;--awb-spacing-right-small:1.92%;--awb-spacing-left-small:1.92%;\"><div class=\"fusion-column-wrapper fusion-column-has-shadow fusion-flex-justify-content-space-around fusion-content-layout-column\"><div class=\"awb-gallery-wrapper awb-gallery-wrapper-1 button-span-no\"><div style=\"margin:-6px;--awb-bordersize:0px;--awb-border-radius:10px;\" class=\"fusion-gallery fusion-gallery-container fusion-grid-3 fusion-columns-total-4 fusion-gallery-layout-masonry fusion-gallery-1\"><div class=\"fusion-grid-column fusion-gallery-column fusion-gallery-column-3 hover-type-zoomin fusion-grid-sizer\"><\/div><div style=\"padding:6px;\" class=\"fusion-grid-column fusion-gallery-column fusion-gallery-column-3 hover-type-zoomin fusion-element-landscape fusion-element-portrait\"><div class=\"fusion-gallery-image\"><a href=\"https:\/\/www.visitripatransone.it\/wp-content\/uploads\/2022\/05\/1401203716_IMG_3464.jpeg\" rel=\"noreferrer\" data-rel=\"iLightbox[gallery_image_1]\" class=\"fusion-lightbox\" target=\"_self\"><div style=\"background-image:url(https:\/\/www.visitripatransone.it\/wp-content\/uploads\/2022\/05\/1401203716_IMG_3464.jpeg);padding-top:calc((100% + 12px) * 0.8);background-position:;\" class=\"fusion-masonry-element-container\"><img decoding=\"async\" src=\"https:\/\/www.visitripatransone.it\/wp-content\/uploads\/2022\/05\/1401203716_IMG_3464.jpeg\" width=\"1944\" height=\"1296\" alt=\"\" title=\"1401203716_IMG_3464\" aria-label=\"1401203716_IMG_3464\" class=\"img-responsive wp-image-2563\" srcset=\"https:\/\/www.visitripatransone.it\/wp-content\/uploads\/2022\/05\/1401203716_IMG_3464-200x133.jpeg 200w, https:\/\/www.visitripatransone.it\/wp-content\/uploads\/2022\/05\/1401203716_IMG_3464-400x267.jpeg 400w, https:\/\/www.visitripatransone.it\/wp-content\/uploads\/2022\/05\/1401203716_IMG_3464-600x400.jpeg 600w, https:\/\/www.visitripatransone.it\/wp-content\/uploads\/2022\/05\/1401203716_IMG_3464-800x533.jpeg 800w, https:\/\/www.visitripatransone.it\/wp-content\/uploads\/2022\/05\/1401203716_IMG_3464-1200x800.jpeg 1200w, https:\/\/www.visitripatransone.it\/wp-content\/uploads\/2022\/05\/1401203716_IMG_3464.jpeg 1944w\" sizes=\"(min-width: 2200px) 100vw, (min-width: 640px) 1280px, \" \/><\/div><\/a><\/div><\/div><div style=\"padding:6px;\" class=\"fusion-grid-column fusion-gallery-column fusion-gallery-column-3 hover-type-zoomin fusion-element-grid\"><div class=\"fusion-gallery-image\"><a href=\"https:\/\/www.visitripatransone.it\/wp-content\/uploads\/2022\/05\/ripatransone-041.jpg\" rel=\"noreferrer\" data-rel=\"iLightbox[gallery_image_1]\" class=\"fusion-lightbox\" target=\"_self\"><div style=\"background-image:url(https:\/\/www.visitripatransone.it\/wp-content\/uploads\/2022\/05\/ripatransone-041.jpg);padding-top:calc((100% + 12px) * 0.8 - 6px);background-position:;\" class=\"fusion-masonry-element-container\"><img decoding=\"async\" src=\"https:\/\/www.visitripatransone.it\/wp-content\/uploads\/2022\/05\/ripatransone-041.jpg\" width=\"1000\" height=\"750\" alt=\"\" title=\"ripatransone-041\" aria-label=\"ripatransone-041\" class=\"img-responsive wp-image-2564\" srcset=\"https:\/\/www.visitripatransone.it\/wp-content\/uploads\/2022\/05\/ripatransone-041-200x150.jpg 200w, https:\/\/www.visitripatransone.it\/wp-content\/uploads\/2022\/05\/ripatransone-041-400x300.jpg 400w, https:\/\/www.visitripatransone.it\/wp-content\/uploads\/2022\/05\/ripatransone-041-600x450.jpg 600w, https:\/\/www.visitripatransone.it\/wp-content\/uploads\/2022\/05\/ripatransone-041-800x600.jpg 800w, https:\/\/www.visitripatransone.it\/wp-content\/uploads\/2022\/05\/ripatransone-041.jpg 1000w\" sizes=\"(min-width: 2200px) 100vw, (min-width: 794px) 423px, (min-width: 717px) 634px, (min-width: 640px) 717px, \" \/><\/div><\/a><\/div><\/div><div style=\"padding:6px;\" class=\"fusion-grid-column fusion-gallery-column fusion-gallery-column-3 hover-type-zoomin fusion-element-grid\"><div class=\"fusion-gallery-image\"><a href=\"https:\/\/www.visitripatransone.it\/wp-content\/uploads\/2022\/05\/ripatransone-022.jpeg\" rel=\"noreferrer\" data-rel=\"iLightbox[gallery_image_1]\" class=\"fusion-lightbox\" target=\"_self\"><div style=\"background-image:url(https:\/\/www.visitripatransone.it\/wp-content\/uploads\/2022\/05\/ripatransone-022.jpeg);padding-top:calc((100% + 12px) * 0.8 - 6px);background-position:;\" class=\"fusion-masonry-element-container\"><img decoding=\"async\" src=\"https:\/\/www.visitripatransone.it\/wp-content\/uploads\/2022\/05\/ripatransone-022.jpeg\" width=\"1000\" height=\"750\" alt=\"\" title=\"ripatransone-022\" aria-label=\"ripatransone-022\" class=\"img-responsive wp-image-2565\" srcset=\"https:\/\/www.visitripatransone.it\/wp-content\/uploads\/2022\/05\/ripatransone-022-200x150.jpeg 200w, https:\/\/www.visitripatransone.it\/wp-content\/uploads\/2022\/05\/ripatransone-022-400x300.jpeg 400w, https:\/\/www.visitripatransone.it\/wp-content\/uploads\/2022\/05\/ripatransone-022-600x450.jpeg 600w, https:\/\/www.visitripatransone.it\/wp-content\/uploads\/2022\/05\/ripatransone-022-800x600.jpeg 800w, https:\/\/www.visitripatransone.it\/wp-content\/uploads\/2022\/05\/ripatransone-022.jpeg 1000w\" sizes=\"(min-width: 2200px) 100vw, (min-width: 794px) 423px, (min-width: 717px) 634px, (min-width: 640px) 717px, \" \/><\/div><\/a><\/div><\/div><div style=\"padding:6px;\" class=\"fusion-grid-column fusion-gallery-column fusion-gallery-column-3 hover-type-zoomin fusion-element-landscape\"><div class=\"fusion-gallery-image\"><a href=\"https:\/\/www.visitripatransone.it\/wp-content\/uploads\/2022\/05\/DJI_0935-copia.jpg\" rel=\"noreferrer\" data-rel=\"iLightbox[gallery_image_1]\" class=\"fusion-lightbox\" target=\"_self\"><div style=\"background-image:url(https:\/\/www.visitripatransone.it\/wp-content\/uploads\/2022\/05\/DJI_0935-copia.jpg);padding-top:calc((100% + 12px) * 0.4 - 6px);background-position:22% 68%;\" class=\"fusion-masonry-element-container\"><img decoding=\"async\" src=\"https:\/\/www.visitripatransone.it\/wp-content\/uploads\/2022\/05\/DJI_0935-copia.jpg\" width=\"1280\" height=\"636\" alt=\"\" title=\"DJI_0935 copia\" aria-label=\"DJI_0935 copia\" class=\"img-responsive wp-image-2566\" srcset=\"https:\/\/www.visitripatransone.it\/wp-content\/uploads\/2022\/05\/DJI_0935-copia-200x99.jpg 200w, https:\/\/www.visitripatransone.it\/wp-content\/uploads\/2022\/05\/DJI_0935-copia-400x199.jpg 400w, https:\/\/www.visitripatransone.it\/wp-content\/uploads\/2022\/05\/DJI_0935-copia-600x298.jpg 600w, https:\/\/www.visitripatransone.it\/wp-content\/uploads\/2022\/05\/DJI_0935-copia-800x398.jpg 800w, https:\/\/www.visitripatransone.it\/wp-content\/uploads\/2022\/05\/DJI_0935-copia-1200x596.jpg 1200w, https:\/\/www.visitripatransone.it\/wp-content\/uploads\/2022\/05\/DJI_0935-copia.jpg 1280w\" sizes=\"(min-width: 2200px) 100vw, (min-width: 640px) 1280px, \" \/><\/div><\/a><\/div><\/div><\/div><\/div><\/div><\/div><\/div><\/div><\/p>\n","protected":false},"excerpt":{"rendered":"","protected":false},"author":1,"featured_media":0,"parent":1695,"menu_order":0,"comment_status":"closed","ping_status":"closed","template":"100-width.php","meta":{"_monsterinsights_skip_tracking":false,"_monsterinsights_sitenote_active":false,"_monsterinsights_sitenote_note":"","_monsterinsights_sitenote_category":0,"footnotes":""},"class_list":["post-2561","page","type-page","status-publish","hentry"],"_links":{"self":[{"href":"https:\/\/www.visitripatransone.it\/en\/wp-json\/wp\/v2\/pages\/2561","targetHints":{"allow":["GET"]}}],"collection":[{"href":"https:\/\/www.visitripatransone.it\/en\/wp-json\/wp\/v2\/pages"}],"about":[{"href":"https:\/\/www.visitripatransone.it\/en\/wp-json\/wp\/v2\/types\/page"}],"author":[{"embeddable":true,"href":"https:\/\/www.visitripatransone.it\/en\/wp-json\/wp\/v2\/users\/1"}],"replies":[{"embeddable":true,"href":"https:\/\/www.visitripatransone.it\/en\/wp-json\/wp\/v2\/comments?post=2561"}],"version-history":[{"count":7,"href":"https:\/\/www.visitripatransone.it\/en\/wp-json\/wp\/v2\/pages\/2561\/revisions"}],"predecessor-version":[{"id":6650,"href":"https:\/\/www.visitripatransone.it\/en\/wp-json\/wp\/v2\/pages\/2561\/revisions\/6650"}],"up":[{"embeddable":true,"href":"https:\/\/www.visitripatransone.it\/en\/wp-json\/wp\/v2\/pages\/1695"}],"wp:attachment":[{"href":"https:\/\/www.visitripatransone.it\/en\/wp-json\/wp\/v2\/media?parent=2561"}],"curies":[{"name":"wp","href":"https:\/\/api.w.org\/{rel}","templated":true}]}}